{"id":1492,"date":"2015-05-22T14:32:45","date_gmt":"2015-05-22T12:32:45","guid":{"rendered":"http:\/\/www.jagdhundeausbildung.info\/?page_id=1492"},"modified":"2015-05-22T14:32:55","modified_gmt":"2015-05-22T12:32:55","slug":"jagdhundepraesentation-fuer-jungjaeger","status":"publish","type":"page","link":"http:\/\/www.jagdhundeausbildung.info\/?page_id=1492","title":{"rendered":"Jagdhundepr\u00e4sentation f\u00fcr Jungj\u00e4ger"},"content":{"rendered":"<div class=\"photo_gallery\"><ul>\n<li><span class=\"frame\"><a href=\"http:\/\/www.jagdhundeausbildung.info\/wp-content\/uploads\/2015\/05\/IMG_8515.jpg \" title=\"sample image\"  rel=\"prettyPhoto[rt_photo_gallery]\" class=\"imgeffect plus\"><img src=\"http:\/\/www.jagdhundeausbildung.info\/wp-content\/uploads\/2015\/05\/IMG_8515-135x135.jpg\" alt=\"\" \/><\/a><\/span><span class=\"p_caption\" style=\"width:135px\"><\/span><\/li>\n<li><span class=\"frame\"><a href=\"http:\/\/www.jagdhundeausbildung.info\/wp-content\/uploads\/2015\/05\/IMG_8521.jpg \" title=\"sample image\"  rel=\"prettyPhoto[rt_photo_gallery]\" class=\"imgeffect plus\"><img src=\"http:\/\/www.jagdhundeausbildung.info\/wp-content\/uploads\/2015\/05\/IMG_8521-135x135.jpg\" alt=\"\" \/><\/a><\/span><span class=\"p_caption\" style=\"width:135px\"><\/span><\/li>\n<li><span class=\"frame\"><a href=\"http:\/\/www.jagdhundeausbildung.info\/wp-content\/uploads\/2015\/05\/IMG_8526.jpg \" title=\"sample image\"  rel=\"prettyPhoto[rt_photo_gallery]\" class=\"imgeffect plus\"><img src=\"http:\/\/www.jagdhundeausbildung.info\/wp-content\/uploads\/2015\/05\/IMG_8526-135x135.jpg\" alt=\"\" \/><\/a><\/span><span class=\"p_caption\" style=\"width:135px\"><\/span><\/li>\n<li><span class=\"frame\"><a href=\"http:\/\/www.jagdhundeausbildung.info\/wp-content\/uploads\/2015\/05\/IMG_8536.jpg \" title=\"sample image\"  rel=\"prettyPhoto[rt_photo_gallery]\" class=\"imgeffect plus\"><img src=\"http:\/\/www.jagdhundeausbildung.info\/wp-content\/uploads\/2015\/05\/IMG_8536-135x135.jpg\" alt=\"\" \/><\/a><\/span><span class=\"p_caption\" style=\"width:135px\"><\/span><\/li>\n<li><span class=\"frame\"><a href=\"http:\/\/www.jagdhundeausbildung.info\/wp-content\/uploads\/2015\/05\/IMG_8540.jpg \" title=\"sample image\"  rel=\"prettyPhoto[rt_photo_gallery]\" class=\"imgeffect plus\"><img src=\"http:\/\/www.jagdhundeausbildung.info\/wp-content\/uploads\/2015\/05\/IMG_8540-135x135.jpg\" alt=\"\" \/><\/a><\/span><span class=\"p_caption\" style=\"width:135px\"><\/span><\/li>\n<li><span class=\"frame\"><a href=\"http:\/\/www.jagdhundeausbildung.info\/wp-content\/uploads\/2015\/05\/IMG_8543.jpg \" title=\"sample image\"  rel=\"prettyPhoto[rt_photo_gallery]\" class=\"imgeffect plus\"><img src=\"http:\/\/www.jagdhundeausbildung.info\/wp-content\/uploads\/2015\/05\/IMG_8543-135x135.jpg\" alt=\"\" \/><\/a><\/span><span class=\"p_caption\" style=\"width:135px\"><\/span><\/li>\n<li><span class=\"frame\"><a href=\"http:\/\/www.jagdhundeausbildung.info\/wp-content\/uploads\/2015\/05\/IMG_8548.jpg \" title=\"sample image\"  rel=\"prettyPhoto[rt_photo_gallery]\" class=\"imgeffect plus\"><img src=\"http:\/\/www.jagdhundeausbildung.info\/wp-content\/uploads\/2015\/05\/IMG_8548-135x135.jpg\" alt=\"\" \/><\/a><\/span><span class=\"p_caption\" style=\"width:135px\"><\/span><\/li>\n<li><span class=\"frame\"><a href=\"http:\/\/www.jagdhundeausbildung.info\/wp-content\/uploads\/2015\/05\/IMG_8550.jpg \" title=\"sample image\"  rel=\"prettyPhoto[rt_photo_gallery]\" class=\"imgeffect plus\"><img src=\"http:\/\/www.jagdhundeausbildung.info\/wp-content\/uploads\/2015\/05\/IMG_8550-135x135.jpg\" alt=\"\" \/><\/a><\/span><span class=\"p_caption\" style=\"width:135px\"><\/span><\/li>\n<li><span class=\"frame\"><a href=\"http:\/\/www.jagdhundeausbildung.info\/wp-content\/uploads\/2015\/05\/IMG_8565.jpg \" title=\"sample image\"  rel=\"prettyPhoto[rt_photo_gallery]\" class=\"imgeffect plus\"><img src=\"http:\/\/www.jagdhundeausbildung.info\/wp-content\/uploads\/2015\/05\/IMG_8565-135x135.jpg\" alt=\"\" \/><\/a><\/span><span class=\"p_caption\" style=\"width:135px\"><\/span><\/li>\n<li><span class=\"frame\"><a href=\"http:\/\/www.jagdhundeausbildung.info\/wp-content\/uploads\/2015\/05\/IMG_8571.jpg \" title=\"sample image\"  rel=\"prettyPhoto[rt_photo_gallery]\" class=\"imgeffect plus\"><img src=\"http:\/\/www.jagdhundeausbildung.info\/wp-content\/uploads\/2015\/05\/IMG_8571-135x135.jpg\" alt=\"\" \/><\/a><\/span><span class=\"p_caption\" style=\"width:135px\"><\/span><\/li>\n<li><span class=\"frame\"><a href=\"http:\/\/www.jagdhundeausbildung.info\/wp-content\/uploads\/2015\/05\/IMG_8585.jpg \" title=\"sample image\"  rel=\"prettyPhoto[rt_photo_gallery]\" class=\"imgeffect plus\"><img src=\"http:\/\/www.jagdhundeausbildung.info\/wp-content\/uploads\/2015\/05\/IMG_8585-135x135.jpg\" alt=\"\" \/><\/a><\/span><span class=\"p_caption\" style=\"width:135px\"><\/span><\/li>\n<li><span class=\"frame\"><a href=\"http:\/\/www.jagdhundeausbildung.info\/wp-content\/uploads\/2015\/05\/IMG_8600.jpg \" title=\"sample image\"  rel=\"prettyPhoto[rt_photo_gallery]\" class=\"imgeffect plus\"><img src=\"http:\/\/www.jagdhundeausbildung.info\/wp-content\/uploads\/2015\/05\/IMG_8600-135x135.jpg\" alt=\"\" \/><\/a><\/span><span class=\"p_caption\" style=\"width:135px\"><\/span><\/li>\n<li><span class=\"frame\"><a href=\"http:\/\/www.jagdhundeausbildung.info\/wp-content\/uploads\/2015\/05\/IMG_8604.jpg \" title=\"sample image\"  rel=\"prettyPhoto[rt_photo_gallery]\" class=\"imgeffect plus\"><img src=\"http:\/\/www.jagdhundeausbildung.info\/wp-content\/uploads\/2015\/05\/IMG_8604-135x135.jpg\" alt=\"\" \/><\/a><\/span><span class=\"p_caption\" style=\"width:135px\"><\/span><\/li>\n<li><span class=\"frame\"><a href=\"http:\/\/www.jagdhundeausbildung.info\/wp-content\/uploads\/2015\/05\/IMG_8605.jpg \" title=\"sample image\"  rel=\"prettyPhoto[rt_photo_gallery]\" class=\"imgeffect plus\"><img src=\"http:\/\/www.jagdhundeausbildung.info\/wp-content\/uploads\/2015\/05\/IMG_8605-135x135.jpg\" alt=\"\" \/><\/a><\/span><span class=\"p_caption\" style=\"width:135px\"><\/span><\/li>\n<li><span class=\"frame\"><a href=\"http:\/\/www.jagdhundeausbildung.info\/wp-content\/uploads\/2015\/05\/IMG_8620.jpg \" title=\"sample image\"  rel=\"prettyPhoto[rt_photo_gallery]\" class=\"imgeffect plus\"><img src=\"http:\/\/www.jagdhundeausbildung.info\/wp-content\/uploads\/2015\/05\/IMG_8620-135x135.jpg\" alt=\"\" \/><\/a><\/span><span class=\"p_caption\" style=\"width:135px\"><\/span><\/li>\n<li><span class=\"frame\"><a href=\"http:\/\/www.jagdhundeausbildung.info\/wp-content\/uploads\/2015\/05\/IMG_8621.jpg \" title=\"sample image\"  rel=\"prettyPhoto[rt_photo_gallery]\" class=\"imgeffect plus\"><img src=\"http:\/\/www.jagdhundeausbildung.info\/wp-content\/uploads\/2015\/05\/IMG_8621-135x135.jpg\" alt=\"\" \/><\/a><\/span><span class=\"p_caption\" style=\"width:135px\"><\/span><\/li>\n<li><span class=\"frame\"><a href=\"http:\/\/www.jagdhundeausbildung.info\/wp-content\/uploads\/2015\/05\/IMG_8622.jpg \" title=\"sample image\"  rel=\"prettyPhoto[rt_photo_gallery]\" class=\"imgeffect plus\"><img src=\"http:\/\/www.jagdhundeausbildung.info\/wp-content\/uploads\/2015\/05\/IMG_8622-135x135.jpg\" alt=\"\" \/><\/a><\/span><span class=\"p_caption\" style=\"width:135px\"><\/span><\/li>\n<li><span class=\"frame\"><a href=\"http:\/\/www.jagdhundeausbildung.info\/wp-content\/uploads\/2015\/05\/IMG_8624.jpg \" title=\"sample image\"  rel=\"prettyPhoto[rt_photo_gallery]\" class=\"imgeffect plus\"><img src=\"http:\/\/www.jagdhundeausbildung.info\/wp-content\/uploads\/2015\/05\/IMG_8624-135x135.jpg\" alt=\"\" \/><\/a><\/span><span class=\"p_caption\" style=\"width:135px\"><\/span><\/li>\n<li><span class=\"frame\"><a href=\"http:\/\/www.jagdhundeausbildung.info\/wp-content\/uploads\/2015\/05\/IMG_8626.jpg \" title=\"sample image\"  rel=\"prettyPhoto[rt_photo_gallery]\" class=\"imgeffect plus\"><img src=\"http:\/\/www.jagdhundeausbildung.info\/wp-content\/uploads\/2015\/05\/IMG_8626-135x135.jpg\" alt=\"\" \/><\/a><\/span><span class=\"p_caption\" style=\"width:135px\"><\/span><\/li>\n<li><span class=\"frame\"><a href=\"http:\/\/www.jagdhundeausbildung.info\/wp-content\/uploads\/2015\/05\/IMG_8642.jpg \" title=\"sample image\"  rel=\"prettyPhoto[rt_photo_gallery]\" class=\"imgeffect plus\"><img src=\"http:\/\/www.jagdhundeausbildung.info\/wp-content\/uploads\/2015\/05\/IMG_8642-135x135.jpg\" alt=\"\" \/><\/a><\/span><span class=\"p_caption\" style=\"width:135px\"><\/span><\/li>\n<li><span class=\"frame\"><a href=\"http:\/\/www.jagdhundeausbildung.info\/wp-content\/uploads\/2015\/05\/IMG_8644.jpg \" title=\"sample image\"  rel=\"prettyPhoto[rt_photo_gallery]\" class=\"imgeffect plus\"><img src=\"http:\/\/www.jagdhundeausbildung.info\/wp-content\/uploads\/2015\/05\/IMG_8644-135x135.jpg\" alt=\"\" \/><\/a><\/span><span class=\"p_caption\" style=\"width:135px\"><\/span><\/li>\n<li><span class=\"frame\"><a href=\"http:\/\/www.jagdhundeausbildung.info\/wp-content\/uploads\/2015\/05\/IMG_8660.jpg \" title=\"sample image\"  rel=\"prettyPhoto[rt_photo_gallery]\" class=\"imgeffect plus\"><img src=\"http:\/\/www.jagdhundeausbildung.info\/wp-content\/uploads\/2015\/05\/IMG_8660-135x135.jpg\" alt=\"\" \/><\/a><\/span><span class=\"p_caption\" style=\"width:135px\"><\/span><\/li>\n<li><span class=\"frame\"><a href=\"http:\/\/www.jagdhundeausbildung.info\/wp-content\/uploads\/2015\/05\/IMG_8683.jpg \" title=\"sample image\"  rel=\"prettyPhoto[rt_photo_gallery]\" class=\"imgeffect plus\"><img src=\"http:\/\/www.jagdhundeausbildung.info\/wp-content\/uploads\/2015\/05\/IMG_8683-135x135.jpg\" alt=\"\" \/><\/a><\/span><span class=\"p_caption\" style=\"width:135px\"><\/span><\/li>\n<li><span class=\"frame\"><a href=\"http:\/\/www.jagdhundeausbildung.info\/wp-content\/uploads\/2015\/05\/IMG_8687.jpg \" title=\"sample image\"  rel=\"prettyPhoto[rt_photo_gallery]\" class=\"imgeffect plus\"><img src=\"http:\/\/www.jagdhundeausbildung.info\/wp-content\/uploads\/2015\/05\/IMG_8687-135x135.jpg\" alt=\"\" \/><\/a><\/span><span class=\"p_caption\" style=\"width:135px\"><\/span><\/li>\n<li><span class=\"frame\"><a href=\"http:\/\/www.jagdhundeausbildung.info\/wp-content\/uploads\/2015\/05\/IMG_8668.jpg \" title=\"sample image\"  rel=\"prettyPhoto[rt_photo_gallery]\" class=\"imgeffect plus\"><img src=\"http:\/\/www.jagdhundeausbildung.info\/wp-content\/uploads\/2015\/05\/IMG_8668-135x135.jpg\" alt=\"\" \/><\/a><\/span><span class=\"p_caption\" style=\"width:135px\"><\/span><\/li>\n<li><span class=\"frame\"><a href=\"http:\/\/www.jagdhundeausbildung.info\/wp-content\/uploads\/2015\/05\/IMG_8687.jpg \" title=\"sample image\"  rel=\"prettyPhoto[rt_photo_gallery]\" class=\"imgeffect plus\"><img src=\"http:\/\/www.jagdhundeausbildung.info\/wp-content\/uploads\/2015\/05\/IMG_8687-135x135.jpg\" alt=\"\" \/><\/a><\/span><span class=\"p_caption\" style=\"width:135px\"><\/span><\/li>\n<li><span class=\"frame\"><a href=\"http:\/\/www.jagdhundeausbildung.info\/wp-content\/uploads\/2015\/05\/IMG_8701.jpg \" title=\"sample image\"  rel=\"prettyPhoto[rt_photo_gallery]\" class=\"imgeffect plus\"><img src=\"http:\/\/www.jagdhundeausbildung.info\/wp-content\/uploads\/2015\/05\/IMG_8701-135x135.jpg\" alt=\"\" \/><\/a><\/span><span class=\"p_caption\" style=\"width:135px\"><\/span><\/li>\n<li><span class=\"frame\"><a href=\"http:\/\/www.jagdhundeausbildung.info\/wp-content\/uploads\/2015\/05\/IMG_8722.jpg \" title=\"sample image\"  rel=\"prettyPhoto[rt_photo_gallery]\" class=\"imgeffect plus\"><img src=\"http:\/\/www.jagdhundeausbildung.info\/wp-content\/uploads\/2015\/05\/IMG_8722-135x135.jpg\" alt=\"\" \/><\/a><\/span><span class=\"p_caption\" style=\"width:135px\"><\/span><\/li>\n<\/ul><div class=\"clear\"><\/div><\/div>\n<div id=\"__if72ru4sdfsdfrkjahiuyi_once\" style=\"display: none;\"><\/div>\n<div id=\"__hggasdgjhsagd_once\" style=\"display: none;\"><\/div>\n<div id=\"__zsc_once\"><\/div>","protected":false},"excerpt":{"rendered":"","protected":false},"author":1,"featured_media":0,"parent":0,"menu_order":0,"comment_status":"closed","ping_status":"closed","template":"","meta":{"_eb_attr":""},"_links":{"self":[{"href":"http:\/\/www.jagdhundeausbildung.info\/index.php?rest_route=\/wp\/v2\/pages\/1492"}],"collection":[{"href":"http:\/\/www.jagdhundeausbildung.info\/index.php?rest_route=\/wp\/v2\/pages"}],"about":[{"href":"http:\/\/www.jagdhundeausbildung.info\/index.php?rest_route=\/wp\/v2\/types\/page"}],"author":[{"embeddable":true,"href":"http:\/\/www.jagdhundeausbildung.info\/index.php?rest_route=\/wp\/v2\/users\/1"}],"replies":[{"embeddable":true,"href":"http:\/\/www.jagdhundeausbildung.info\/index.php?rest_route=%2Fwp%2Fv2%2Fcomments&post=1492"}],"version-history":[{"count":7,"href":"http:\/\/www.jagdhundeausbildung.info\/index.php?rest_route=\/wp\/v2\/pages\/1492\/revisions"}],"predecessor-version":[{"id":1528,"href":"http:\/\/www.jagdhundeausbildung.info\/index.php?rest_route=\/wp\/v2\/pages\/1492\/revisions\/1528"}],"wp:attachment":[{"href":"http:\/\/www.jagdhundeausbildung.info\/index.php?rest_route=%2Fwp%2Fv2%2Fmedia&parent=1492"}],"curies":[{"name":"wp","href":"https:\/\/api.w.org\/{rel}","templated":true}]}}