{"id":1817,"date":"2016-04-12T17:01:18","date_gmt":"2016-04-12T15:01:18","guid":{"rendered":"http:\/\/www.jagdhundeausbildung.info\/?page_id=1817"},"modified":"2016-06-19T19:53:51","modified_gmt":"2016-06-19T17:53:51","slug":"jagdhundepraesentation-fuer-jungjaeger-am-10-april","status":"publish","type":"page","link":"http:\/\/www.jagdhundeausbildung.info\/?page_id=1817","title":{"rendered":"Jagdhundepr\u00e4sentation f\u00fcr Jungj\u00e4ger am 10. April"},"content":{"rendered":"<address><div class=\"photo_gallery\"><ul>\n<li><span class=\"frame\"><a href=\"http:\/\/www.jagdhundeausbildung.info\/wp-content\/uploads\/2016\/04\/IMG_2433.jpg \" title=\"Jagdhundepr\u00e4sentation f\u00fcr Jungj\u00e4ger\"  rel=\"prettyPhoto[rt_photo_gallery]\" class=\"imgeffect plus\"><img src=\"http:\/\/www.jagdhundeausbildung.info\/wp-content\/uploads\/2016\/04\/IMG_2433-135x135.jpg\" alt=\"\" \/><\/a><\/span><span class=\"p_caption\" style=\"width:135px\"><\/span><\/li>\n<li><span class=\"frame\"><a href=\"http:\/\/www.jagdhundeausbildung.info\/wp-content\/uploads\/2016\/04\/IMG_2435.jpg \" title=\"Jagdhundepr\u00e4sentation f\u00fcr Jungj\u00e4ger\"  rel=\"prettyPhoto[rt_photo_gallery]\" class=\"imgeffect plus\"><img src=\"http:\/\/www.jagdhundeausbildung.info\/wp-content\/uploads\/2016\/04\/IMG_2435-135x135.jpg\" alt=\"\" \/><\/a><\/span><span class=\"p_caption\" style=\"width:135px\"><\/span><\/li>\n<li><span class=\"frame\"><a href=\"http:\/\/www.jagdhundeausbildung.info\/wp-content\/uploads\/2016\/04\/IMG_2437.jpg \" title=\"Jagdhundepr\u00e4sentation f\u00fcr Jungj\u00e4ger\"  rel=\"prettyPhoto[rt_photo_gallery]\" class=\"imgeffect plus\"><img src=\"http:\/\/www.jagdhundeausbildung.info\/wp-content\/uploads\/2016\/04\/IMG_2437-135x135.jpg\" alt=\"\" \/><\/a><\/span><span class=\"p_caption\" style=\"width:135px\"><\/span><\/li>\n<li><span class=\"frame\"><a href=\"http:\/\/www.jagdhundeausbildung.info\/wp-content\/uploads\/2016\/04\/IMG_2443.jpg \" title=\"Jagdhundepr\u00e4sentation f\u00fcr Jungj\u00e4ger\"  rel=\"prettyPhoto[rt_photo_gallery]\" class=\"imgeffect plus\"><img src=\"http:\/\/www.jagdhundeausbildung.info\/wp-content\/uploads\/2016\/04\/IMG_2443-135x135.jpg\" alt=\"\" \/><\/a><\/span><span class=\"p_caption\" style=\"width:135px\"><\/span><\/li>\n<li><span class=\"frame\"><a href=\"http:\/\/www.jagdhundeausbildung.info\/wp-content\/uploads\/2016\/04\/IMG_2458.jpg \" title=\"Jagdhundepr\u00e4sentation f\u00fcr Jungj\u00e4ger\"  rel=\"prettyPhoto[rt_photo_gallery]\" class=\"imgeffect plus\"><img src=\"http:\/\/www.jagdhundeausbildung.info\/wp-content\/uploads\/2016\/04\/IMG_2458-135x135.jpg\" alt=\"\" \/><\/a><\/span><span class=\"p_caption\" style=\"width:135px\"><\/span><\/li>\n<li><span class=\"frame\"><a href=\"http:\/\/www.jagdhundeausbildung.info\/wp-content\/uploads\/2016\/04\/IMG_2463.jpg \" title=\"Jagdhundepr\u00e4sentation f\u00fcr Jungj\u00e4ger\"  rel=\"prettyPhoto[rt_photo_gallery]\" class=\"imgeffect plus\"><img src=\"http:\/\/www.jagdhundeausbildung.info\/wp-content\/uploads\/2016\/04\/IMG_2463-135x135.jpg\" alt=\"\" \/><\/a><\/span><span class=\"p_caption\" style=\"width:135px\"><\/span><\/li>\n<li><span class=\"frame\"><a href=\"http:\/\/www.jagdhundeausbildung.info\/wp-content\/uploads\/2016\/04\/IMG_2465.jpg \" title=\"Jagdhundepr\u00e4sentation f\u00fcr Jungj\u00e4ger\"  rel=\"prettyPhoto[rt_photo_gallery]\" class=\"imgeffect plus\"><img src=\"http:\/\/www.jagdhundeausbildung.info\/wp-content\/uploads\/2016\/04\/IMG_2465-135x135.jpg\" alt=\"\" \/><\/a><\/span><span class=\"p_caption\" style=\"width:135px\"><\/span><\/li>\n<li><span class=\"frame\"><a href=\"http:\/\/www.jagdhundeausbildung.info\/wp-content\/uploads\/2016\/04\/IMG_2485.jpg \" title=\"Jagdhundepr\u00e4sentation f\u00fcr Jungj\u00e4ger\"  rel=\"prettyPhoto[rt_photo_gallery]\" class=\"imgeffect plus\"><img src=\"http:\/\/www.jagdhundeausbildung.info\/wp-content\/uploads\/2016\/04\/IMG_2485-135x135.jpg\" alt=\"\" \/><\/a><\/span><span class=\"p_caption\" style=\"width:135px\"><\/span><\/li>\n<li><span class=\"frame\"><a href=\"http:\/\/www.jagdhundeausbildung.info\/wp-content\/uploads\/2016\/04\/IMG_2495.jpg \" title=\"Jagdhundepr\u00e4sentation f\u00fcr Jungj\u00e4ger\"  rel=\"prettyPhoto[rt_photo_gallery]\" class=\"imgeffect plus\"><img src=\"http:\/\/www.jagdhundeausbildung.info\/wp-content\/uploads\/2016\/04\/IMG_2495-135x135.jpg\" alt=\"\" \/><\/a><\/span><span class=\"p_caption\" style=\"width:135px\"><\/span><\/li>\n<li><span class=\"frame\"><a href=\"http:\/\/www.jagdhundeausbildung.info\/wp-content\/uploads\/2016\/04\/IMG_2498.jpg \" title=\"Jagdhundepr\u00e4sentation f\u00fcr Jungj\u00e4ger\"  rel=\"prettyPhoto[rt_photo_gallery]\" class=\"imgeffect plus\"><img src=\"http:\/\/www.jagdhundeausbildung.info\/wp-content\/uploads\/2016\/04\/IMG_2498-135x135.jpg\" alt=\"\" \/><\/a><\/span><span class=\"p_caption\" style=\"width:135px\"><\/span><\/li>\n<li><span class=\"frame\"><a href=\"http:\/\/www.jagdhundeausbildung.info\/wp-content\/uploads\/2016\/04\/IMG_2526.jpg \" title=\"Jagdhundepr\u00e4sentation f\u00fcr Jungj\u00e4ger\"  rel=\"prettyPhoto[rt_photo_gallery]\" class=\"imgeffect plus\"><img src=\"http:\/\/www.jagdhundeausbildung.info\/wp-content\/uploads\/2016\/04\/IMG_2526-135x135.jpg\" alt=\"\" \/><\/a><\/span><span class=\"p_caption\" style=\"width:135px\"><\/span><\/li>\n<li><span class=\"frame\"><a href=\"http:\/\/www.jagdhundeausbildung.info\/wp-content\/uploads\/2016\/04\/IMG_2535.jpg \" title=\"Jagdhundepr\u00e4sentation f\u00fcr Jungj\u00e4ger\"  rel=\"prettyPhoto[rt_photo_gallery]\" class=\"imgeffect plus\"><img src=\"http:\/\/www.jagdhundeausbildung.info\/wp-content\/uploads\/2016\/04\/IMG_2535-135x135.jpg\" alt=\"\" \/><\/a><\/span><span class=\"p_caption\" style=\"width:135px\"><\/span><\/li>\n<li><span class=\"frame\"><a href=\"http:\/\/www.jagdhundeausbildung.info\/wp-content\/uploads\/2016\/04\/IMG_2541.jpg \" title=\"Jagdhundepr\u00e4sentation f\u00fcr Jungj\u00e4ger\"  rel=\"prettyPhoto[rt_photo_gallery]\" class=\"imgeffect plus\"><img src=\"http:\/\/www.jagdhundeausbildung.info\/wp-content\/uploads\/2016\/04\/IMG_2541-135x135.jpg\" alt=\"\" \/><\/a><\/span><span class=\"p_caption\" style=\"width:135px\"><\/span><\/li>\n<li><span class=\"frame\"><a href=\"http:\/\/www.jagdhundeausbildung.info\/wp-content\/uploads\/2016\/04\/IMG_2546.jpg \" title=\"Jagdhundepr\u00e4sentation f\u00fcr Jungj\u00e4ger\"  rel=\"prettyPhoto[rt_photo_gallery]\" class=\"imgeffect plus\"><img src=\"http:\/\/www.jagdhundeausbildung.info\/wp-content\/uploads\/2016\/04\/IMG_2546-135x135.jpg\" alt=\"\" \/><\/a><\/span><span class=\"p_caption\" style=\"width:135px\"><\/span><\/li>\n<li><span class=\"frame\"><a href=\"http:\/\/www.jagdhundeausbildung.info\/wp-content\/uploads\/2016\/04\/IMG_2558.jpg \" title=\"Jagdhundepr\u00e4sentation f\u00fcr Jungj\u00e4ger\"  rel=\"prettyPhoto[rt_photo_gallery]\" class=\"imgeffect plus\"><img src=\"http:\/\/www.jagdhundeausbildung.info\/wp-content\/uploads\/2016\/04\/IMG_2558-135x135.jpg\" alt=\"\" \/><\/a><\/span><span class=\"p_caption\" style=\"width:135px\"><\/span><\/li>\n<li><span class=\"frame\"><a href=\"http:\/\/www.jagdhundeausbildung.info\/wp-content\/uploads\/2016\/04\/IMG_2562.jpg \" title=\"Jagdhundepr\u00e4sentation f\u00fcr Jungj\u00e4ger\"  rel=\"prettyPhoto[rt_photo_gallery]\" class=\"imgeffect plus\"><img src=\"http:\/\/www.jagdhundeausbildung.info\/wp-content\/uploads\/2016\/04\/IMG_2562-135x135.jpg\" alt=\"\" \/><\/a><\/span><span class=\"p_caption\" style=\"width:135px\"><\/span><\/li>\n\n<\/ul><div class=\"clear\"><\/div><\/div><\/address>\n<address>\u00a0<\/address>","protected":false},"excerpt":{"rendered":"<p>\u00a0<\/p>\n","protected":false},"author":1,"featured_media":0,"parent":0,"menu_order":0,"comment_status":"closed","ping_status":"closed","template":"","meta":{"_eb_attr":""},"_links":{"self":[{"href":"http:\/\/www.jagdhundeausbildung.info\/index.php?rest_route=\/wp\/v2\/pages\/1817"}],"collection":[{"href":"http:\/\/www.jagdhundeausbildung.info\/index.php?rest_route=\/wp\/v2\/pages"}],"about":[{"href":"http:\/\/www.jagdhundeausbildung.info\/index.php?rest_route=\/wp\/v2\/types\/page"}],"author":[{"embeddable":true,"href":"http:\/\/www.jagdhundeausbildung.info\/index.php?rest_route=\/wp\/v2\/users\/1"}],"replies":[{"embeddable":true,"href":"http:\/\/www.jagdhundeausbildung.info\/index.php?rest_route=%2Fwp%2Fv2%2Fcomments&post=1817"}],"version-history":[{"count":18,"href":"http:\/\/www.jagdhundeausbildung.info\/index.php?rest_route=\/wp\/v2\/pages\/1817\/revisions"}],"predecessor-version":[{"id":1868,"href":"http:\/\/www.jagdhundeausbildung.info\/index.php?rest_route=\/wp\/v2\/pages\/1817\/revisions\/1868"}],"wp:attachment":[{"href":"http:\/\/www.jagdhundeausbildung.info\/index.php?rest_route=%2Fwp%2Fv2%2Fmedia&parent=1817"}],"curies":[{"name":"wp","href":"https:\/\/api.w.org\/{rel}","templated":true}]}}