{"id":2229,"date":"2017-05-01T20:21:48","date_gmt":"2017-05-01T18:21:48","guid":{"rendered":"http:\/\/www.jagdhundeausbildung.info\/?page_id=2229"},"modified":"2017-05-14T21:25:08","modified_gmt":"2017-05-14T19:25:08","slug":"jagdhundepraesentation-fuer-jungjaeger-2","status":"publish","type":"page","link":"http:\/\/www.jagdhundeausbildung.info\/?page_id=2229","title":{"rendered":"Jagdhundepr\u00e4sentation f\u00fcr Jungj\u00e4ger am 09.April"},"content":{"rendered":"<div class=\"photo_gallery\"><ul>\n<li><span class=\"frame\"><a href=\"http:\/\/www.jagdhundeausbildung.info\/wp-content\/uploads\/2017\/05\/IMG_1156.jpg \" title=\"sample image\"  rel=\"prettyPhoto[rt_photo_gallery]\" class=\"imgeffect plus\"><img src=\"http:\/\/www.jagdhundeausbildung.info\/wp-content\/uploads\/2017\/05\/IMG_1156-135x135.jpg\" alt=\"\" \/><\/a><\/span><span class=\"p_caption\" style=\"width:135px\"><\/span><\/li>\n<li><span class=\"frame\"><a href=\"http:\/\/www.jagdhundeausbildung.info\/wp-content\/uploads\/2017\/05\/IMG_1160.jpg \" title=\"sample image\"  rel=\"prettyPhoto[rt_photo_gallery]\" class=\"imgeffect plus\"><img src=\"http:\/\/www.jagdhundeausbildung.info\/wp-content\/uploads\/2017\/05\/IMG_1160-135x135.jpg\" alt=\"\" \/><\/a><\/span><span class=\"p_caption\" style=\"width:135px\"><\/span><\/li>\n<li><span class=\"frame\"><a href=\"http:\/\/www.jagdhundeausbildung.info\/wp-content\/uploads\/2017\/05\/IMG_1161.jpg \" title=\"sample image\"  rel=\"prettyPhoto[rt_photo_gallery]\" class=\"imgeffect plus\"><img src=\"http:\/\/www.jagdhundeausbildung.info\/wp-content\/uploads\/2017\/05\/IMG_1161-135x135.jpg\" alt=\"\" \/><\/a><\/span><span class=\"p_caption\" style=\"width:135px\"><\/span><\/li>\n<li><span class=\"frame\"><a href=\"http:\/\/www.jagdhundeausbildung.info\/wp-content\/uploads\/2017\/05\/IMG_1169.jpg \" title=\"sample image\"  rel=\"prettyPhoto[rt_photo_gallery]\" class=\"imgeffect plus\"><img src=\"http:\/\/www.jagdhundeausbildung.info\/wp-content\/uploads\/2017\/05\/IMG_1169-135x135.jpg\" alt=\"\" \/><\/a><\/span><span class=\"p_caption\" style=\"width:135px\"><\/span><\/li>\n<li><span class=\"frame\"><a href=\"http:\/\/www.jagdhundeausbildung.info\/wp-content\/uploads\/2017\/05\/IMG_1170.jpg \" title=\"sample image\"  rel=\"prettyPhoto[rt_photo_gallery]\" class=\"imgeffect plus\"><img src=\"http:\/\/www.jagdhundeausbildung.info\/wp-content\/uploads\/2017\/05\/IMG_1170-135x135.jpg\" alt=\"\" \/><\/a><\/span><span class=\"p_caption\" style=\"width:135px\"><\/span><\/li>\n<li><span class=\"frame\"><a href=\"http:\/\/www.jagdhundeausbildung.info\/wp-content\/uploads\/2017\/05\/IMG_1171.jpg \" title=\"sample image\"  rel=\"prettyPhoto[rt_photo_gallery]\" class=\"imgeffect plus\"><img src=\"http:\/\/www.jagdhundeausbildung.info\/wp-content\/uploads\/2017\/05\/IMG_1171-135x135.jpg\" alt=\"\" \/><\/a><\/span><span class=\"p_caption\" style=\"width:135px\"><\/span><\/li>\n<li><span class=\"frame\"><a href=\"http:\/\/www.jagdhundeausbildung.info\/wp-content\/uploads\/2017\/05\/IMG_1172.jpg \" title=\"sample image\"  rel=\"prettyPhoto[rt_photo_gallery]\" class=\"imgeffect plus\"><img src=\"http:\/\/www.jagdhundeausbildung.info\/wp-content\/uploads\/2017\/05\/IMG_1172-135x135.jpg\" alt=\"\" \/><\/a><\/span><span class=\"p_caption\" style=\"width:135px\"><\/span><\/li>\n<li><span class=\"frame\"><a href=\"http:\/\/www.jagdhundeausbildung.info\/wp-content\/uploads\/2017\/05\/IMG_1199.jpg \" title=\"sample image\"  rel=\"prettyPhoto[rt_photo_gallery]\" class=\"imgeffect plus\"><img src=\"http:\/\/www.jagdhundeausbildung.info\/wp-content\/uploads\/2017\/05\/IMG_1199-135x135.jpg\" alt=\"\" \/><\/a><\/span><span class=\"p_caption\" style=\"width:135px\"><\/span><\/li>\n<li><span class=\"frame\"><a href=\"http:\/\/www.jagdhundeausbildung.info\/wp-content\/uploads\/2017\/05\/IMG_1217.jpg \" title=\"sample image\"  rel=\"prettyPhoto[rt_photo_gallery]\" class=\"imgeffect plus\"><img src=\"http:\/\/www.jagdhundeausbildung.info\/wp-content\/uploads\/2017\/05\/IMG_1217-135x135.jpg\" alt=\"\" \/><\/a><\/span><span class=\"p_caption\" style=\"width:135px\"><\/span><\/li>\n<li><span class=\"frame\"><a href=\"http:\/\/www.jagdhundeausbildung.info\/wp-content\/uploads\/2017\/05\/IMG_1220.jpg \" title=\"sample image\"  rel=\"prettyPhoto[rt_photo_gallery]\" class=\"imgeffect plus\"><img src=\"http:\/\/www.jagdhundeausbildung.info\/wp-content\/uploads\/2017\/05\/IMG_1220-135x135.jpg\" alt=\"\" \/><\/a><\/span><span class=\"p_caption\" style=\"width:135px\"><\/span><\/li>\n<li><span class=\"frame\"><a href=\"http:\/\/www.jagdhundeausbildung.info\/wp-content\/uploads\/2017\/05\/IMG_1231.jpg \" title=\"sample image\"  rel=\"prettyPhoto[rt_photo_gallery]\" class=\"imgeffect plus\"><img src=\"http:\/\/www.jagdhundeausbildung.info\/wp-content\/uploads\/2017\/05\/IMG_1231-135x135.jpg\" alt=\"\" \/><\/a><\/span><span class=\"p_caption\" style=\"width:135px\"><\/span><\/li>\n<li><span class=\"frame\"><a href=\"http:\/\/www.jagdhundeausbildung.info\/wp-content\/uploads\/2017\/05\/IMG_1254.jpg \" title=\"sample image\"  rel=\"prettyPhoto[rt_photo_gallery]\" class=\"imgeffect plus\"><img src=\"http:\/\/www.jagdhundeausbildung.info\/wp-content\/uploads\/2017\/05\/IMG_1254-135x135.jpg\" alt=\"\" \/><\/a><\/span><span class=\"p_caption\" style=\"width:135px\"><\/span><\/li>\n<li><span class=\"frame\"><a href=\"http:\/\/www.jagdhundeausbildung.info\/wp-content\/uploads\/2017\/05\/IMG_1274.jpg \" title=\"sample image\"  rel=\"prettyPhoto[rt_photo_gallery]\" class=\"imgeffect plus\"><img src=\"http:\/\/www.jagdhundeausbildung.info\/wp-content\/uploads\/2017\/05\/IMG_1274-135x135.jpg\" alt=\"\" \/><\/a><\/span><span class=\"p_caption\" style=\"width:135px\"><\/span><\/li>\n<li><span class=\"frame\"><a href=\"http:\/\/www.jagdhundeausbildung.info\/wp-content\/uploads\/2017\/05\/IMG_1278.jpg \" title=\"sample image\"  rel=\"prettyPhoto[rt_photo_gallery]\" class=\"imgeffect plus\"><img src=\"http:\/\/www.jagdhundeausbildung.info\/wp-content\/uploads\/2017\/05\/IMG_1278-135x135.jpg\" alt=\"\" \/><\/a><\/span><span class=\"p_caption\" style=\"width:135px\"><\/span><\/li>\n<li><span class=\"frame\"><a href=\"http:\/\/www.jagdhundeausbildung.info\/wp-content\/uploads\/2017\/05\/IMG_1281.jpg \" title=\"sample image\"  rel=\"prettyPhoto[rt_photo_gallery]\" class=\"imgeffect plus\"><img src=\"http:\/\/www.jagdhundeausbildung.info\/wp-content\/uploads\/2017\/05\/IMG_1281-135x135.jpg\" alt=\"\" \/><\/a><\/span><span class=\"p_caption\" style=\"width:135px\"><\/span><\/li>\n<li><span class=\"frame\"><a href=\"http:\/\/www.jagdhundeausbildung.info\/wp-content\/uploads\/2017\/05\/IMG_1296.jpg \" title=\"sample image\"  rel=\"prettyPhoto[rt_photo_gallery]\" class=\"imgeffect plus\"><img src=\"http:\/\/www.jagdhundeausbildung.info\/wp-content\/uploads\/2017\/05\/IMG_1296-135x135.jpg\" alt=\"\" \/><\/a><\/span><span class=\"p_caption\" style=\"width:135px\"><\/span><\/li>\n<li><span class=\"frame\"><a href=\"http:\/\/www.jagdhundeausbildung.info\/wp-content\/uploads\/2017\/05\/IMG_1297.jpg \" title=\"sample image\"  rel=\"prettyPhoto[rt_photo_gallery]\" class=\"imgeffect plus\"><img src=\"http:\/\/www.jagdhundeausbildung.info\/wp-content\/uploads\/2017\/05\/IMG_1297-135x135.jpg\" alt=\"\" \/><\/a><\/span><span class=\"p_caption\" style=\"width:135px\"><\/span><\/li>\n<li><span class=\"frame\"><a href=\"http:\/\/www.jagdhundeausbildung.info\/wp-content\/uploads\/2017\/05\/IMG_1305.jpg \" title=\"sample image\"  rel=\"prettyPhoto[rt_photo_gallery]\" class=\"imgeffect plus\"><img src=\"http:\/\/www.jagdhundeausbildung.info\/wp-content\/uploads\/2017\/05\/IMG_1305-135x135.jpg\" alt=\"\" \/><\/a><\/span><span class=\"p_caption\" style=\"width:135px\"><\/span><\/li>\n<li><span class=\"frame\"><a href=\"http:\/\/www.jagdhundeausbildung.info\/wp-content\/uploads\/2017\/05\/IMG_1309.jpg \" title=\"sample image\"  rel=\"prettyPhoto[rt_photo_gallery]\" class=\"imgeffect plus\"><img src=\"http:\/\/www.jagdhundeausbildung.info\/wp-content\/uploads\/2017\/05\/IMG_1309-135x135.jpg\" alt=\"\" \/><\/a><\/span><span class=\"p_caption\" style=\"width:135px\"><\/span><\/li>\n<\/ul><div class=\"clear\"><\/div><\/div>","protected":false},"excerpt":{"rendered":"","protected":false},"author":1,"featured_media":0,"parent":0,"menu_order":0,"comment_status":"closed","ping_status":"closed","template":"","meta":{"_eb_attr":""},"_links":{"self":[{"href":"http:\/\/www.jagdhundeausbildung.info\/index.php?rest_route=\/wp\/v2\/pages\/2229"}],"collection":[{"href":"http:\/\/www.jagdhundeausbildung.info\/index.php?rest_route=\/wp\/v2\/pages"}],"about":[{"href":"http:\/\/www.jagdhundeausbildung.info\/index.php?rest_route=\/wp\/v2\/types\/page"}],"author":[{"embeddable":true,"href":"http:\/\/www.jagdhundeausbildung.info\/index.php?rest_route=\/wp\/v2\/users\/1"}],"replies":[{"embeddable":true,"href":"http:\/\/www.jagdhundeausbildung.info\/index.php?rest_route=%2Fwp%2Fv2%2Fcomments&post=2229"}],"version-history":[{"count":5,"href":"http:\/\/www.jagdhundeausbildung.info\/index.php?rest_route=\/wp\/v2\/pages\/2229\/revisions"}],"predecessor-version":[{"id":2254,"href":"http:\/\/www.jagdhundeausbildung.info\/index.php?rest_route=\/wp\/v2\/pages\/2229\/revisions\/2254"}],"wp:attachment":[{"href":"http:\/\/www.jagdhundeausbildung.info\/index.php?rest_route=%2Fwp%2Fv2%2Fmedia&parent=2229"}],"curies":[{"name":"wp","href":"https:\/\/api.w.org\/{rel}","templated":true}]}}