{"id":5983,"date":"2024-07-07T20:45:47","date_gmt":"2024-07-07T18:45:47","guid":{"rendered":"http:\/\/www.jagdhundeausbildung.info\/?page_id=5983"},"modified":"2024-09-11T08:00:30","modified_gmt":"2024-09-11T06:00:30","slug":"museumsausstellung-gleisdorf-rohrbach-27-okt-beim-jaz","status":"publish","type":"page","link":"http:\/\/www.jagdhundeausbildung.info\/?page_id=5983","title":{"rendered":"Museumsausstellung Gleisdorf Rohrbach 27.Okt beim JAZ"},"content":{"rendered":"<p>Im Zuge der Jagdausstellung in Gleisdorf waren unsere Jagdhundef\u00fchrer eingeladen an diversen Veranstaltungen mitzuwirken.<\/p>\n<p>So kam es am 27. Oktober 2023 im \u201eJAZ\u201c\u00a0\u00a0 zu einer Jagdhundepr\u00e4sentation.<\/p>\n<p>Ebenso durften wir mit unseren Jagdgehilfen bei der Schlussveranstaltung\u00a0 in Gleisdorf am 17. Dezember vor dem Rathaus teilnehmen. Mit dabei auch unsere Freunde die Falkner des Oststeirischen Falknervereins, unter der Leitung von Obmann Strempfl August.<\/p>\n<p>Vor begeistertem Publikum zeigten unsere Jagdgehilfen ihr erlerntes K\u00f6nnen, auch die Falkner pr\u00e4sentierten ihr fachliches Wissen und trugen zum vollen Erfolg dieser Veranstaltung, mitten in der Stadt Gleisdorf bei.<\/p>\n<p>Ein herzliches DANKESCH\u00d6N den Akteuren, sowie den Verantwortlichen der Stadt Gleisdorf f\u00fcr diese M\u00f6glichkeit.<\/p>\n<p>HoR\u00fcDHo<\/p>\n<p><em>Siegi\u00a0 <\/em><\/p>\n\n\n<figure class=\"wp-block-gallery has-nested-images columns-default is-cropped wp-block-gallery-1 is-layout-flex\">\n<figure class=\"wp-block-image size-large is-style-default\"><a href=\"http:\/\/www.jagdhundeausbildung.info\/wp-content\/uploads\/2024\/07\/IMG_1340.jpg\"><img decoding=\"async\" loading=\"lazy\" width=\"1024\" height=\"683\" data-id=\"6048\"  src=\"http:\/\/www.jagdhundeausbildung.info\/wp-content\/uploads\/2024\/07\/IMG_1340.jpg\" alt=\"\" class=\"wp-image-6048\" srcset=\"http:\/\/www.jagdhundeausbildung.info\/wp-content\/uploads\/2024\/07\/IMG_1340.jpg 1024w, http:\/\/www.jagdhundeausbildung.info\/wp-content\/uploads\/2024\/07\/IMG_1340-300x200.jpg 300w, http:\/\/www.jagdhundeausbildung.info\/wp-content\/uploads\/2024\/07\/IMG_1340-768x512.jpg 768w\" sizes=\"(max-width: 1024px) 100vw, 1024px\" \/><\/a><\/figure>\n\n\n\n<figure class=\"wp-block-image size-large is-style-default\"><a href=\"http:\/\/www.jagdhundeausbildung.info\/wp-content\/uploads\/2024\/07\/IMG_1341.jpg\"><img decoding=\"async\" loading=\"lazy\" width=\"1024\" height=\"683\" data-id=\"6050\"  src=\"http:\/\/www.jagdhundeausbildung.info\/wp-content\/uploads\/2024\/07\/IMG_1341.jpg\" alt=\"\" class=\"wp-image-6050\" srcset=\"http:\/\/www.jagdhundeausbildung.info\/wp-content\/uploads\/2024\/07\/IMG_1341.jpg 1024w, http:\/\/www.jagdhundeausbildung.info\/wp-content\/uploads\/2024\/07\/IMG_1341-300x200.jpg 300w, http:\/\/www.jagdhundeausbildung.info\/wp-content\/uploads\/2024\/07\/IMG_1341-768x512.jpg 768w\" sizes=\"(max-width: 1024px) 100vw, 1024px\" \/><\/a><\/figure>\n\n\n\n<figure class=\"wp-block-image size-large is-style-default\"><a href=\"http:\/\/www.jagdhundeausbildung.info\/wp-content\/uploads\/2024\/07\/IMG_1342.jpg\"><img decoding=\"async\" loading=\"lazy\" width=\"1024\" height=\"683\" data-id=\"6049\"  src=\"http:\/\/www.jagdhundeausbildung.info\/wp-content\/uploads\/2024\/07\/IMG_1342.jpg\" alt=\"\" class=\"wp-image-6049\" srcset=\"http:\/\/www.jagdhundeausbildung.info\/wp-content\/uploads\/2024\/07\/IMG_1342.jpg 1024w, http:\/\/www.jagdhundeausbildung.info\/wp-content\/uploads\/2024\/07\/IMG_1342-300x200.jpg 300w, http:\/\/www.jagdhundeausbildung.info\/wp-content\/uploads\/2024\/07\/IMG_1342-768x512.jpg 768w\" sizes=\"(max-width: 1024px) 100vw, 1024px\" \/><\/a><\/figure>\n\n\n\n<figure class=\"wp-block-image size-large is-style-default\"><a href=\"http:\/\/www.jagdhundeausbildung.info\/wp-content\/uploads\/2024\/07\/IMG_1345.jpg\"><img decoding=\"async\" loading=\"lazy\" width=\"1024\" height=\"683\" data-id=\"6051\"  src=\"http:\/\/www.jagdhundeausbildung.info\/wp-content\/uploads\/2024\/07\/IMG_1345.jpg\" alt=\"\" class=\"wp-image-6051\" srcset=\"http:\/\/www.jagdhundeausbildung.info\/wp-content\/uploads\/2024\/07\/IMG_1345.jpg 1024w, http:\/\/www.jagdhundeausbildung.info\/wp-content\/uploads\/2024\/07\/IMG_1345-300x200.jpg 300w, http:\/\/www.jagdhundeausbildung.info\/wp-content\/uploads\/2024\/07\/IMG_1345-768x512.jpg 768w\" sizes=\"(max-width: 1024px) 100vw, 1024px\" \/><\/a><\/figure>\n\n\n\n<figure class=\"wp-block-image size-large is-style-default\"><a href=\"http:\/\/www.jagdhundeausbildung.info\/wp-content\/uploads\/2024\/07\/IMG_1346.jpg\"><img decoding=\"async\" loading=\"lazy\" width=\"1024\" height=\"683\" data-id=\"6052\"  src=\"http:\/\/www.jagdhundeausbildung.info\/wp-content\/uploads\/2024\/07\/IMG_1346.jpg\" alt=\"\" class=\"wp-image-6052\" srcset=\"http:\/\/www.jagdhundeausbildung.info\/wp-content\/uploads\/2024\/07\/IMG_1346.jpg 1024w, http:\/\/www.jagdhundeausbildung.info\/wp-content\/uploads\/2024\/07\/IMG_1346-300x200.jpg 300w, http:\/\/www.jagdhundeausbildung.info\/wp-content\/uploads\/2024\/07\/IMG_1346-768x512.jpg 768w\" sizes=\"(max-width: 1024px) 100vw, 1024px\" \/><\/a><\/figure>\n\n\n\n<figure class=\"wp-block-image size-large is-style-default\"><a href=\"http:\/\/www.jagdhundeausbildung.info\/wp-content\/uploads\/2024\/07\/IMG_1347.jpg\"><img decoding=\"async\" loading=\"lazy\" width=\"1024\" height=\"683\" data-id=\"6053\"  src=\"http:\/\/www.jagdhundeausbildung.info\/wp-content\/uploads\/2024\/07\/IMG_1347.jpg\" alt=\"\" class=\"wp-image-6053\" srcset=\"http:\/\/www.jagdhundeausbildung.info\/wp-content\/uploads\/2024\/07\/IMG_1347.jpg 1024w, http:\/\/www.jagdhundeausbildung.info\/wp-content\/uploads\/2024\/07\/IMG_1347-300x200.jpg 300w, http:\/\/www.jagdhundeausbildung.info\/wp-content\/uploads\/2024\/07\/IMG_1347-768x512.jpg 768w\" sizes=\"(max-width: 1024px) 100vw, 1024px\" \/><\/a><\/figure>\n\n\n\n<figure class=\"wp-block-image size-large is-style-default\"><a href=\"http:\/\/www.jagdhundeausbildung.info\/wp-content\/uploads\/2024\/07\/IMG_1349.jpg\"><img decoding=\"async\" loading=\"lazy\" width=\"1024\" height=\"683\" data-id=\"6054\"  src=\"http:\/\/www.jagdhundeausbildung.info\/wp-content\/uploads\/2024\/07\/IMG_1349.jpg\" alt=\"\" class=\"wp-image-6054\" srcset=\"http:\/\/www.jagdhundeausbildung.info\/wp-content\/uploads\/2024\/07\/IMG_1349.jpg 1024w, http:\/\/www.jagdhundeausbildung.info\/wp-content\/uploads\/2024\/07\/IMG_1349-300x200.jpg 300w, http:\/\/www.jagdhundeausbildung.info\/wp-content\/uploads\/2024\/07\/IMG_1349-768x512.jpg 768w\" sizes=\"(max-width: 1024px) 100vw, 1024px\" \/><\/a><\/figure>\n\n\n\n<figure class=\"wp-block-image size-large is-style-default\"><a href=\"http:\/\/www.jagdhundeausbildung.info\/wp-content\/uploads\/2024\/07\/IMG_1350.jpg\"><img decoding=\"async\" loading=\"lazy\" width=\"1024\" height=\"683\" data-id=\"6055\"  src=\"http:\/\/www.jagdhundeausbildung.info\/wp-content\/uploads\/2024\/07\/IMG_1350.jpg\" alt=\"\" class=\"wp-image-6055\" srcset=\"http:\/\/www.jagdhundeausbildung.info\/wp-content\/uploads\/2024\/07\/IMG_1350.jpg 1024w, http:\/\/www.jagdhundeausbildung.info\/wp-content\/uploads\/2024\/07\/IMG_1350-300x200.jpg 300w, http:\/\/www.jagdhundeausbildung.info\/wp-content\/uploads\/2024\/07\/IMG_1350-768x512.jpg 768w\" sizes=\"(max-width: 1024px) 100vw, 1024px\" \/><\/a><\/figure>\n\n\n\n<figure class=\"wp-block-image size-large is-style-default\"><a href=\"http:\/\/www.jagdhundeausbildung.info\/wp-content\/uploads\/2024\/07\/IMG_1355.jpg\"><img decoding=\"async\" loading=\"lazy\" width=\"1024\" height=\"683\" data-id=\"6056\"  src=\"http:\/\/www.jagdhundeausbildung.info\/wp-content\/uploads\/2024\/07\/IMG_1355.jpg\" alt=\"\" class=\"wp-image-6056\" srcset=\"http:\/\/www.jagdhundeausbildung.info\/wp-content\/uploads\/2024\/07\/IMG_1355.jpg 1024w, http:\/\/www.jagdhundeausbildung.info\/wp-content\/uploads\/2024\/07\/IMG_1355-300x200.jpg 300w, http:\/\/www.jagdhundeausbildung.info\/wp-content\/uploads\/2024\/07\/IMG_1355-768x512.jpg 768w\" sizes=\"(max-width: 1024px) 100vw, 1024px\" \/><\/a><\/figure>\n\n\n\n<figure class=\"wp-block-image size-large is-style-default\"><a href=\"http:\/\/www.jagdhundeausbildung.info\/wp-content\/uploads\/2024\/07\/IMG_1356.jpg\"><img decoding=\"async\" loading=\"lazy\" width=\"1024\" height=\"683\" data-id=\"6057\"  src=\"http:\/\/www.jagdhundeausbildung.info\/wp-content\/uploads\/2024\/07\/IMG_1356.jpg\" alt=\"\" class=\"wp-image-6057\" srcset=\"http:\/\/www.jagdhundeausbildung.info\/wp-content\/uploads\/2024\/07\/IMG_1356.jpg 1024w, http:\/\/www.jagdhundeausbildung.info\/wp-content\/uploads\/2024\/07\/IMG_1356-300x200.jpg 300w, http:\/\/www.jagdhundeausbildung.info\/wp-content\/uploads\/2024\/07\/IMG_1356-768x512.jpg 768w\" sizes=\"(max-width: 1024px) 100vw, 1024px\" \/><\/a><\/figure>\n\n\n\n<figure class=\"wp-block-image size-large is-style-default\"><a href=\"http:\/\/www.jagdhundeausbildung.info\/wp-content\/uploads\/2024\/07\/IMG_1357.jpg\"><img decoding=\"async\" loading=\"lazy\" width=\"1024\" height=\"683\" data-id=\"6060\"  src=\"http:\/\/www.jagdhundeausbildung.info\/wp-content\/uploads\/2024\/07\/IMG_1357.jpg\" alt=\"\" class=\"wp-image-6060\" srcset=\"http:\/\/www.jagdhundeausbildung.info\/wp-content\/uploads\/2024\/07\/IMG_1357.jpg 1024w, http:\/\/www.jagdhundeausbildung.info\/wp-content\/uploads\/2024\/07\/IMG_1357-300x200.jpg 300w, http:\/\/www.jagdhundeausbildung.info\/wp-content\/uploads\/2024\/07\/IMG_1357-768x512.jpg 768w\" sizes=\"(max-width: 1024px) 100vw, 1024px\" \/><\/a><\/figure>\n\n\n\n<figure class=\"wp-block-image size-large is-style-default\"><a href=\"http:\/\/www.jagdhundeausbildung.info\/wp-content\/uploads\/2024\/07\/IMG_1358.jpg\"><img decoding=\"async\" loading=\"lazy\" width=\"1024\" height=\"683\" data-id=\"6058\"  src=\"http:\/\/www.jagdhundeausbildung.info\/wp-content\/uploads\/2024\/07\/IMG_1358.jpg\" alt=\"\" class=\"wp-image-6058\" srcset=\"http:\/\/www.jagdhundeausbildung.info\/wp-content\/uploads\/2024\/07\/IMG_1358.jpg 1024w, http:\/\/www.jagdhundeausbildung.info\/wp-content\/uploads\/2024\/07\/IMG_1358-300x200.jpg 300w, http:\/\/www.jagdhundeausbildung.info\/wp-content\/uploads\/2024\/07\/IMG_1358-768x512.jpg 768w\" sizes=\"(max-width: 1024px) 100vw, 1024px\" \/><\/a><\/figure>\n\n\n\n<figure class=\"wp-block-image size-large is-style-default\"><a href=\"http:\/\/www.jagdhundeausbildung.info\/wp-content\/uploads\/2024\/07\/IMG_1362.jpg\"><img decoding=\"async\" loading=\"lazy\" width=\"1024\" height=\"683\" data-id=\"6059\"  src=\"http:\/\/www.jagdhundeausbildung.info\/wp-content\/uploads\/2024\/07\/IMG_1362.jpg\" alt=\"\" class=\"wp-image-6059\" srcset=\"http:\/\/www.jagdhundeausbildung.info\/wp-content\/uploads\/2024\/07\/IMG_1362.jpg 1024w, http:\/\/www.jagdhundeausbildung.info\/wp-content\/uploads\/2024\/07\/IMG_1362-300x200.jpg 300w, http:\/\/www.jagdhundeausbildung.info\/wp-content\/uploads\/2024\/07\/IMG_1362-768x512.jpg 768w\" sizes=\"(max-width: 1024px) 100vw, 1024px\" \/><\/a><\/figure>\n\n\n\n<figure class=\"wp-block-image size-large is-style-default\"><a href=\"http:\/\/www.jagdhundeausbildung.info\/wp-content\/uploads\/2024\/07\/IMG_1366.jpg\"><img decoding=\"async\" loading=\"lazy\" width=\"1024\" height=\"683\" data-id=\"6061\"  src=\"http:\/\/www.jagdhundeausbildung.info\/wp-content\/uploads\/2024\/07\/IMG_1366.jpg\" alt=\"\" class=\"wp-image-6061\" srcset=\"http:\/\/www.jagdhundeausbildung.info\/wp-content\/uploads\/2024\/07\/IMG_1366.jpg 1024w, http:\/\/www.jagdhundeausbildung.info\/wp-content\/uploads\/2024\/07\/IMG_1366-300x200.jpg 300w, http:\/\/www.jagdhundeausbildung.info\/wp-content\/uploads\/2024\/07\/IMG_1366-768x512.jpg 768w\" sizes=\"(max-width: 1024px) 100vw, 1024px\" \/><\/a><\/figure>\n\n\n\n<figure class=\"wp-block-image size-large is-style-default\"><a href=\"http:\/\/www.jagdhundeausbildung.info\/wp-content\/uploads\/2024\/07\/IMG_1370.jpg\"><img decoding=\"async\" loading=\"lazy\" width=\"1024\" height=\"683\" data-id=\"6062\"  src=\"http:\/\/www.jagdhundeausbildung.info\/wp-content\/uploads\/2024\/07\/IMG_1370.jpg\" alt=\"\" class=\"wp-image-6062\" srcset=\"http:\/\/www.jagdhundeausbildung.info\/wp-content\/uploads\/2024\/07\/IMG_1370.jpg 1024w, http:\/\/www.jagdhundeausbildung.info\/wp-content\/uploads\/2024\/07\/IMG_1370-300x200.jpg 300w, http:\/\/www.jagdhundeausbildung.info\/wp-content\/uploads\/2024\/07\/IMG_1370-768x512.jpg 768w\" sizes=\"(max-width: 1024px) 100vw, 1024px\" \/><\/a><\/figure>\n<\/figure>","protected":false},"excerpt":{"rendered":"<p>Im Zuge der Jagdausstellung in Gleisdorf waren unsere Jagdhundef\u00fchrer eingeladen an diversen Veranstaltungen mitzuwirken. So kam es am 27. Oktober 2023 im \u201eJAZ\u201c\u00a0\u00a0 zu einer Jagdhundepr\u00e4sentation. Ebenso durften wir mit unseren Jagdgehilfen bei der Schlussveranstaltung\u00a0 in Gleisdorf am 17. Dezember vor dem Rathaus teilnehmen. Mit dabei auch unsere Freunde die Falkner des Oststeirischen Falknervereins, unter [&hellip;]<\/p>\n","protected":false},"author":1,"featured_media":0,"parent":0,"menu_order":0,"comment_status":"closed","ping_status":"closed","template":"","meta":{"_eb_attr":""},"_links":{"self":[{"href":"http:\/\/www.jagdhundeausbildung.info\/index.php?rest_route=\/wp\/v2\/pages\/5983"}],"collection":[{"href":"http:\/\/www.jagdhundeausbildung.info\/index.php?rest_route=\/wp\/v2\/pages"}],"about":[{"href":"http:\/\/www.jagdhundeausbildung.info\/index.php?rest_route=\/wp\/v2\/types\/page"}],"author":[{"embeddable":true,"href":"http:\/\/www.jagdhundeausbildung.info\/index.php?rest_route=\/wp\/v2\/users\/1"}],"replies":[{"embeddable":true,"href":"http:\/\/www.jagdhundeausbildung.info\/index.php?rest_route=%2Fwp%2Fv2%2Fcomments&post=5983"}],"version-history":[{"count":3,"href":"http:\/\/www.jagdhundeausbildung.info\/index.php?rest_route=\/wp\/v2\/pages\/5983\/revisions"}],"predecessor-version":[{"id":6129,"href":"http:\/\/www.jagdhundeausbildung.info\/index.php?rest_route=\/wp\/v2\/pages\/5983\/revisions\/6129"}],"wp:attachment":[{"href":"http:\/\/www.jagdhundeausbildung.info\/index.php?rest_route=%2Fwp%2Fv2%2Fmedia&parent=5983"}],"curies":[{"name":"wp","href":"https:\/\/api.w.org\/{rel}","templated":true}]}}