{"id":960,"date":"2014-05-04T16:32:00","date_gmt":"2014-05-04T14:32:00","guid":{"rendered":"http:\/\/www.jagdhundeausbildung.info\/?page_id=960"},"modified":"2014-05-04T17:09:43","modified_gmt":"2014-05-04T15:09:43","slug":"jagdhundepraesentation-fuer-jungjaeger-april-2014","status":"publish","type":"page","link":"http:\/\/www.jagdhundeausbildung.info\/?page_id=960","title":{"rendered":"Jagdhundepr\u00e4sentation f\u00fcr Jungj\u00e4ger (April 2014)"},"content":{"rendered":"<p>&nbsp;<br \/>\n<div class=\"photo_gallery\"><ul>\n<li><span class=\"frame\"><a href=\"http:\/\/www.jagdhundeausbildung.info\/wp-content\/uploads\/2014\/05\/comp_april004.jpg \" title=\"Jagdhundepr\u00e4sentation f\u00fcr Jungj\u00e4ger\"  rel=\"prettyPhoto[rt_photo_gallery]\" class=\"imgeffect plus\"><img src=\"http:\/\/www.jagdhundeausbildung.info\/wp-content\/uploads\/2014\/05\/comp_april004-135x135.jpg\" alt=\"\" \/><\/a><\/span><span class=\"p_caption\" style=\"width:135px\"><\/span><\/li>\n<li><span class=\"frame\"><a href=\"http:\/\/www.jagdhundeausbildung.info\/wp-content\/uploads\/2014\/05\/comp_april005.jpg \" title=\"Jagdhundepr\u00e4sentation f\u00fcr Jungj\u00e4ger\"  rel=\"prettyPhoto[rt_photo_gallery]\" class=\"imgeffect plus\"><img src=\"http:\/\/www.jagdhundeausbildung.info\/wp-content\/uploads\/2014\/05\/comp_april005-135x135.jpg\" alt=\"\" \/><\/a><\/span><span class=\"p_caption\" style=\"width:135px\"><\/span><\/li>\n<li><span class=\"frame\"><a href=\"http:\/\/www.jagdhundeausbildung.info\/wp-content\/uploads\/2014\/05\/comp_april008.jpg \" title=\"Jagdhundepr\u00e4sentation f\u00fcr Jungj\u00e4ger\"  rel=\"prettyPhoto[rt_photo_gallery]\" class=\"imgeffect plus\"><img src=\"http:\/\/www.jagdhundeausbildung.info\/wp-content\/uploads\/2014\/05\/comp_april008-135x135.jpg\" alt=\"\" \/><\/a><\/span><span class=\"p_caption\" style=\"width:135px\"><\/span><\/li>\n<li><span class=\"frame\"><a href=\"http:\/\/www.jagdhundeausbildung.info\/wp-content\/uploads\/2014\/05\/img_0967.jpg \" title=\"Jagdhundepr\u00e4sentation f\u00fcr Jungj\u00e4ger\"  rel=\"prettyPhoto[rt_photo_gallery]\" class=\"imgeffect plus\"><img src=\"http:\/\/www.jagdhundeausbildung.info\/wp-content\/uploads\/2014\/05\/img_0967-135x135.jpg\" alt=\"\" \/><\/a><\/span><span class=\"p_caption\" style=\"width:135px\"><\/span><\/li>\n<li><span class=\"frame\"><a href=\"http:\/\/www.jagdhundeausbildung.info\/wp-content\/uploads\/2014\/05\/img_0978.jpg \" title=\"Jagdhundepr\u00e4sentation f\u00fcr Jungj\u00e4ger\"  rel=\"prettyPhoto[rt_photo_gallery]\" class=\"imgeffect plus\"><img src=\"http:\/\/www.jagdhundeausbildung.info\/wp-content\/uploads\/2014\/05\/img_0978-135x135.jpg\" alt=\"\" \/><\/a><\/span><span class=\"p_caption\" style=\"width:135px\"><\/span><\/li>\n<li><span class=\"frame\"><a href=\"http:\/\/www.jagdhundeausbildung.info\/wp-content\/uploads\/2014\/05\/img_0979.jpg \" title=\"Jagdhundepr\u00e4sentation f\u00fcr Jungj\u00e4ger\"  rel=\"prettyPhoto[rt_photo_gallery]\" class=\"imgeffect plus\"><img src=\"http:\/\/www.jagdhundeausbildung.info\/wp-content\/uploads\/2014\/05\/img_0979-135x135.jpg\" alt=\"\" \/><\/a><\/span><span class=\"p_caption\" style=\"width:135px\"><\/span><\/li>\n<li><span class=\"frame\"><a href=\"http:\/\/www.jagdhundeausbildung.info\/wp-content\/uploads\/2014\/05\/img_0985.jpg \" title=\"Jagdhundepr\u00e4sentation f\u00fcr Jungj\u00e4ger\"  rel=\"prettyPhoto[rt_photo_gallery]\" class=\"imgeffect plus\"><img src=\"http:\/\/www.jagdhundeausbildung.info\/wp-content\/uploads\/2014\/05\/img_0985-135x135.jpg\" alt=\"\" \/><\/a><\/span><span class=\"p_caption\" style=\"width:135px\"><\/span><\/li>\n<li><span class=\"frame\"><a href=\"http:\/\/www.jagdhundeausbildung.info\/wp-content\/uploads\/2014\/05\/img_0987.jpg \" title=\"Jagdhundepr\u00e4sentation f\u00fcr Jungj\u00e4ger\"  rel=\"prettyPhoto[rt_photo_gallery]\" class=\"imgeffect plus\"><img src=\"http:\/\/www.jagdhundeausbildung.info\/wp-content\/uploads\/2014\/05\/img_0987-135x135.jpg\" alt=\"\" \/><\/a><\/span><span class=\"p_caption\" style=\"width:135px\"><\/span><\/li>\n<li><span class=\"frame\"><a href=\"http:\/\/www.jagdhundeausbildung.info\/wp-content\/uploads\/2014\/05\/img_1002.jpg \" title=\"Jagdhundepr\u00e4sentation f\u00fcr Jungj\u00e4ger\"  rel=\"prettyPhoto[rt_photo_gallery]\" class=\"imgeffect plus\"><img src=\"http:\/\/www.jagdhundeausbildung.info\/wp-content\/uploads\/2014\/05\/img_1002-135x135.jpg\" alt=\"\" \/><\/a><\/span><span class=\"p_caption\" style=\"width:135px\"><\/span><\/li>\n<li><span class=\"frame\"><a href=\"http:\/\/www.jagdhundeausbildung.info\/wp-content\/uploads\/2014\/05\/img_1006.jpg \" title=\"Jagdhundepr\u00e4sentation f\u00fcr Jungj\u00e4ger\"  rel=\"prettyPhoto[rt_photo_gallery]\" class=\"imgeffect plus\"><img src=\"http:\/\/www.jagdhundeausbildung.info\/wp-content\/uploads\/2014\/05\/img_1006-135x135.jpg\" alt=\"\" \/><\/a><\/span><span class=\"p_caption\" style=\"width:135px\"><\/span><\/li>\n<li><span class=\"frame\"><a href=\"http:\/\/www.jagdhundeausbildung.info\/wp-content\/uploads\/2014\/05\/img_1009.jpg \" title=\"Jagdhundepr\u00e4sentation f\u00fcr Jungj\u00e4ger\"  rel=\"prettyPhoto[rt_photo_gallery]\" class=\"imgeffect plus\"><img src=\"http:\/\/www.jagdhundeausbildung.info\/wp-content\/uploads\/2014\/05\/img_1009-135x135.jpg\" alt=\"\" \/><\/a><\/span><span class=\"p_caption\" style=\"width:135px\"><\/span><\/li>\n<li><span class=\"frame\"><a href=\"http:\/\/www.jagdhundeausbildung.info\/wp-content\/uploads\/2014\/05\/img_1011.jpg \" title=\"Jagdhundepr\u00e4sentation f\u00fcr Jungj\u00e4ger\"  rel=\"prettyPhoto[rt_photo_gallery]\" class=\"imgeffect plus\"><img src=\"http:\/\/www.jagdhundeausbildung.info\/wp-content\/uploads\/2014\/05\/img_1011-135x135.jpg\" alt=\"\" \/><\/a><\/span><span class=\"p_caption\" style=\"width:135px\"><\/span><\/li>\n<li><span class=\"frame\"><a href=\"http:\/\/www.jagdhundeausbildung.info\/wp-content\/uploads\/2014\/05\/img_1016.jpg \" title=\"Jagdhundepr\u00e4sentation f\u00fcr Jungj\u00e4ger\"  rel=\"prettyPhoto[rt_photo_gallery]\" class=\"imgeffect plus\"><img src=\"http:\/\/www.jagdhundeausbildung.info\/wp-content\/uploads\/2014\/05\/img_1016-135x135.jpg\" alt=\"\" \/><\/a><\/span><span class=\"p_caption\" style=\"width:135px\"><\/span><\/li>\n<li><span class=\"frame\"><a href=\"http:\/\/www.jagdhundeausbildung.info\/wp-content\/uploads\/2014\/05\/img_1018.jpg \" title=\"Jagdhundepr\u00e4sentation f\u00fcr Jungj\u00e4ger\"  rel=\"prettyPhoto[rt_photo_gallery]\" class=\"imgeffect plus\"><img src=\"http:\/\/www.jagdhundeausbildung.info\/wp-content\/uploads\/2014\/05\/img_1018-135x135.jpg\" alt=\"\" \/><\/a><\/span><span class=\"p_caption\" style=\"width:135px\"><\/span><\/li>\n<li><span class=\"frame\"><a href=\"http:\/\/www.jagdhundeausbildung.info\/wp-content\/uploads\/2014\/05\/img_1021.jpg \" title=\"Jagdhundepr\u00e4sentation f\u00fcr Jungj\u00e4ger\"  rel=\"prettyPhoto[rt_photo_gallery]\" class=\"imgeffect plus\"><img src=\"http:\/\/www.jagdhundeausbildung.info\/wp-content\/uploads\/2014\/05\/img_1021-135x135.jpg\" alt=\"\" \/><\/a><\/span><span class=\"p_caption\" style=\"width:135px\"><\/span><\/li>\n<li><span class=\"frame\"><a href=\"http:\/\/www.jagdhundeausbildung.info\/wp-content\/uploads\/2014\/05\/img_1023.jpg \" title=\"Jagdhundepr\u00e4sentation f\u00fcr Jungj\u00e4ger\"  rel=\"prettyPhoto[rt_photo_gallery]\" class=\"imgeffect plus\"><img src=\"http:\/\/www.jagdhundeausbildung.info\/wp-content\/uploads\/2014\/05\/img_1023-135x135.jpg\" alt=\"\" \/><\/a><\/span><span class=\"p_caption\" style=\"width:135px\"><\/span><\/li>\n<li><span class=\"frame\"><a href=\"http:\/\/www.jagdhundeausbildung.info\/wp-content\/uploads\/2014\/05\/img_1026.jpg \" title=\"Jagdhundepr\u00e4sentation f\u00fcr Jungj\u00e4ger\"  rel=\"prettyPhoto[rt_photo_gallery]\" class=\"imgeffect plus\"><img src=\"http:\/\/www.jagdhundeausbildung.info\/wp-content\/uploads\/2014\/05\/img_1026-135x135.jpg\" alt=\"\" \/><\/a><\/span><span class=\"p_caption\" style=\"width:135px\"><\/span><\/li>\n<li><span class=\"frame\"><a href=\"http:\/\/www.jagdhundeausbildung.info\/wp-content\/uploads\/2014\/05\/img_1028.jpg \" title=\"Jagdhundepr\u00e4sentation f\u00fcr Jungj\u00e4ger\"  rel=\"prettyPhoto[rt_photo_gallery]\" class=\"imgeffect plus\"><img src=\"http:\/\/www.jagdhundeausbildung.info\/wp-content\/uploads\/2014\/05\/img_1028-135x135.jpg\" alt=\"\" \/><\/a><\/span><span class=\"p_caption\" style=\"width:135px\"><\/span><\/li>\n<li><span class=\"frame\"><a href=\"http:\/\/www.jagdhundeausbildung.info\/wp-content\/uploads\/2014\/05\/img_1039.jpg \" title=\"Jagdhundepr\u00e4sentation f\u00fcr Jungj\u00e4ger\"  rel=\"prettyPhoto[rt_photo_gallery]\" class=\"imgeffect plus\"><img src=\"http:\/\/www.jagdhundeausbildung.info\/wp-content\/uploads\/2014\/05\/img_1039-135x135.jpg\" alt=\"\" \/><\/a><\/span><span class=\"p_caption\" style=\"width:135px\"><\/span><\/li>\n<\/ul><div class=\"clear\"><\/div><\/div><\/p>","protected":false},"excerpt":{"rendered":"<p>&nbsp;<\/p>\n","protected":false},"author":1,"featured_media":0,"parent":0,"menu_order":0,"comment_status":"closed","ping_status":"closed","template":"","meta":{"_eb_attr":""},"_links":{"self":[{"href":"http:\/\/www.jagdhundeausbildung.info\/index.php?rest_route=\/wp\/v2\/pages\/960"}],"collection":[{"href":"http:\/\/www.jagdhundeausbildung.info\/index.php?rest_route=\/wp\/v2\/pages"}],"about":[{"href":"http:\/\/www.jagdhundeausbildung.info\/index.php?rest_route=\/wp\/v2\/types\/page"}],"author":[{"embeddable":true,"href":"http:\/\/www.jagdhundeausbildung.info\/index.php?rest_route=\/wp\/v2\/users\/1"}],"replies":[{"embeddable":true,"href":"http:\/\/www.jagdhundeausbildung.info\/index.php?rest_route=%2Fwp%2Fv2%2Fcomments&post=960"}],"version-history":[{"count":3,"href":"http:\/\/www.jagdhundeausbildung.info\/index.php?rest_route=\/wp\/v2\/pages\/960\/revisions"}],"predecessor-version":[{"id":1844,"href":"http:\/\/www.jagdhundeausbildung.info\/index.php?rest_route=\/wp\/v2\/pages\/960\/revisions\/1844"}],"wp:attachment":[{"href":"http:\/\/www.jagdhundeausbildung.info\/index.php?rest_route=%2Fwp%2Fv2%2Fmedia&parent=960"}],"curies":[{"name":"wp","href":"https:\/\/api.w.org\/{rel}","templated":true}]}}