{"id":20,"date":"2013-08-10T21:00:37","date_gmt":"2013-08-10T19:00:37","guid":{"rendered":"http:\/\/www.jagdhundeausbildung.info\/?page_id=20"},"modified":"2025-05-05T12:06:31","modified_gmt":"2025-05-05T10:06:31","slug":"home","status":"publish","type":"page","link":"https:\/\/www.jagdhundeausbildung.info\/","title":{"rendered":"HOME"},"content":{"rendered":"<div class=\"frame slider\"><div class=\"flexslider shortcode\"><ul class=\"slides\"><li><img src=\"http:\/\/www.jagdhundeausbildung.info\/wp-content\/uploads\/2022\/03\/DSCN3408-scaled-650x300.jpg\" alt=\"Jagdhundeausbildung\" \/><\/li>\n<li><img src=\"http:\/\/www.jagdhundeausbildung.info\/wp-content\/uploads\/2020\/11\/IMG_1495-650x300.jpg\" alt=\"Jagdhundeausbildung\" \/><\/li>\n<li><img src=\"http:\/\/www.jagdhundeausbildung.info\/wp-content\/uploads\/2020\/11\/IMG_1551-650x300.jpg\" alt=\"Jagdhundeausbildung\" \/><\/li>\n<li><img src=\"http:\/\/www.jagdhundeausbildung.info\/wp-content\/uploads\/2020\/11\/IMG_20201010_175652-650x300.jpg\" alt=\"Jagdhundeausbildung\" \/><\/li>\n<li><img src=\"http:\/\/www.jagdhundeausbildung.info\/wp-content\/uploads\/2020\/11\/IMG_20201011_113847-650x650.jpg\" alt=\"Jagdhundeausbildung\" \/><\/li>\n<li><img src=\"http:\/\/www.jagdhundeausbildung.info\/wp-content\/uploads\/2019\/02\/IMG_9891-650x300.jpg\" alt=\"Jagdhundeausbildung\" \/><\/li>\n<li><img src=\"http:\/\/www.jagdhundeausbildung.info\/wp-content\/uploads\/2014\/01\/teaser_home2.jpg\" alt=\"Jagdhundeausbildung\" \/><\/li><\/ul> <\/div><\/div>\n\n\n\n\n\n\n\n<h1 class=\"wp-block-heading\">&nbsp;<\/h1>\n\n\n\n<p>_________________________________________________________________________________________________________________________________<\/p>\n\n\n\n<div class=\"line\">\n<div class=\"boxes\">\n<div class=\"box four first\">\n<h3>\u00dcBER UNS<\/h3>\n<p>Siegfried Gauster ist Meisterf\u00fchrer und Leistungsrichter, er f\u00fchrt seit vielen Jahren sehr erfolgreich Jagdhunde. Er \u201elebt\u201c den Jagdhund und dessen<a class=\"tgjtxbdlb\" title=\"Click to Continue > by easytoshop&#8220; href=&#8220;#&#8220;> Ausbildung<\/a>, \u2026 <a title=\"\u00dcBER UNS\" href=\"http:\/\/www.jagdhundeausbildung.info\/?page_id=26\"><em>weiterlesen &gt;&gt;<\/em><\/a><\/p>\n<\/div>\n<div class=\"box four\">\n<h3>LEISTUNGEN<\/h3>\n<p>&gt; Welpenkurs &gt; Junghundekurs &gt; Grundkurs &gt; Leistungskurse \u2013 Anlagen-Pr\u00fcfung \u2013 Vollgebrauchspr\u00fcfung \u2013 Bringtreuepr\u00fcfung etc. <a title=\"LEISTUNGEN\" href=\"http:\/\/www.jagdhundeausbildung.info\/?page_id=23\"><em>weiterlesen &gt;&gt;<\/em><\/a><\/p>\n<\/div>\n<div class=\"box four\">\n<h3>TEAM<\/h3>\n<p>Obmann: MF und LR Siegfried Gauster Obmann Stellvertreter:MF Andreas Herbst Kassier: Monika Gauster Schriftf\u00fchrer:LR Gabriel Gauster <a title=\"TEAM\" href=\"http:\/\/www.jagdhundeausbildung.info\/?page_id=8\"><em>weiterlesen &gt;&gt;<\/em><\/a><\/p>\n<\/div>\n<div class=\"box four last\">\n<h3>ERGEBNISSE<\/h3>\n<p>Die Pr\u00fcfungsergebnisse von Leistungspr\u00fcfungen in \u00d6sterreich abgenommen durch den \u00d6JGV werden von uns&nbsp;laufend aktualisiert. F\u00fcr die Richtigkeit &#8211; Keine Haftung! <em><a title=\"TERMINE &amp; ERGEBNISSE\" href=\"http:\/\/www.jagdhundeausbildung.info\/?page_id=45\">weiterlesen &gt;&gt;<\/a><\/em><\/p>\n<\/div>\n<\/div>\n<div class=\"boxes\">&nbsp;<\/div>\n<div class=\"boxes\">\n<div class=\"boxes\">\n<p>_________________________________________________________________________________________________________________________________<\/p>\n<h1><strong><span style=\"color: #003300;\"><a href=\"http:\/\/www.jagdhundeausbildung.info\/?page_id=6180(\u00f6ffnet in neuem Tab)\" data-wplink-url-error=\"true\"><span style=\"color: #003300;\">Galerie 2025<\/span><\/a><\/span><\/strong><\/h1>\n<div class=\"box four\"><span class=\"frame alignleft\"><a href=\"http:\/\/www.jagdhundeausbildung.info\/?page_id=44?iframe=true&width=90%&height=90%\" title=\"News\"  false class=\"imgeffect link\"><img src=\"http:\/\/www.jagdhundeausbildung.info\/wp-content\/uploads\/2015\/12\/news-135x135.jpg\" alt=\"NEWS\"  class=\"align\" \/><\/a><\/span><\/div>\n<div class=\"box four\"><span class=\"frame alignleft\"><a href=\"http:\/\/www.jagdhundeausbildung.info\/?page_id=45?iframe=true&width=90%&height=90%\" title=\"Termine &amp; Ergebnisse\"  false class=\"imgeffect link\"><img src=\"http:\/\/www.jagdhundeausbildung.info\/wp-content\/uploads\/2016\/01\/IMG_7924-135x135.jpeg\" alt=\"NEWS\"  class=\"align\" \/><\/a><\/span><\/div>\n<div class=\"box four\"><span class=\"frame alignleft\"><a href=\"http:\/\/www.jagdhundeausbildung.info\/?page_id=3436?iframe=true&width=90%&height=90%\" title=\"JAZ Berichte\"  false class=\"imgeffect link\"><img src=\"http:\/\/www.jagdhundeausbildung.info\/wp-content\/uploads\/2019\/03\/IMG_2307-135x135.jpg\" alt=\"Berichte\"  class=\"align\" \/><\/a><\/span><\/div>\n<p><span style=\"color: #339966;\"><strong><span style=\"color: #008000;\">&nbsp; <\/span><\/strong><\/span><\/p>\n<p>_________________________________________________________________________________________________________________________________<\/p>\n<\/div>\n<\/div>\n<\/div>\n\n\n\n<figure class=\"wp-block-image size-large is-style-rounded\"><img decoding=\"async\" src=\"http:\/\/www.jagdhundeausbildung.info\/wp-content\/uploads\/2020\/12\/JAZ_banner_200x100-Kopie.jpg\" alt=\"\"\/><\/figure>","protected":false},"excerpt":{"rendered":"<p>&nbsp; _________________________________________________________________________________________________________________________________ \u00dcBER UNS Siegfried Gauster ist Meisterf\u00fchrer und Leistungsrichter, er f\u00fchrt seit vielen Jahren sehr erfolgreich Jagdhunde. Er \u201elebt\u201c den Jagdhund und dessen<\/p>\n","protected":false},"author":1,"featured_media":0,"parent":0,"menu_order":0,"comment_status":"open","ping_status":"closed","template":"","meta":{"_eb_attr":""},"_links":{"self":[{"href":"https:\/\/www.jagdhundeausbildung.info\/index.php?rest_route=\/wp\/v2\/pages\/20"}],"collection":[{"href":"https:\/\/www.jagdhundeausbildung.info\/index.php?rest_route=\/wp\/v2\/pages"}],"about":[{"href":"https:\/\/www.jagdhundeausbildung.info\/index.php?rest_route=\/wp\/v2\/types\/page"}],"author":[{"embeddable":true,"href":"https:\/\/www.jagdhundeausbildung.info\/index.php?rest_route=\/wp\/v2\/users\/1"}],"replies":[{"embeddable":true,"href":"https:\/\/www.jagdhundeausbildung.info\/index.php?rest_route=%2Fwp%2Fv2%2Fcomments&post=20"}],"version-history":[{"count":200,"href":"https:\/\/www.jagdhundeausbildung.info\/index.php?rest_route=\/wp\/v2\/pages\/20\/revisions"}],"predecessor-version":[{"id":6326,"href":"https:\/\/www.jagdhundeausbildung.info\/index.php?rest_route=\/wp\/v2\/pages\/20\/revisions\/6326"}],"wp:attachment":[{"href":"https:\/\/www.jagdhundeausbildung.info\/index.php?rest_route=%2Fwp%2Fv2%2Fmedia&parent=20"}],"curies":[{"name":"wp","href":"https:\/\/api.w.org\/{rel}","templated":true}]}}