{"id":2292,"date":"2017-08-26T21:38:50","date_gmt":"2017-08-26T19:38:50","guid":{"rendered":"http:\/\/www.jagdhundeausbildung.info\/?page_id=2292"},"modified":"2017-08-26T21:51:00","modified_gmt":"2017-08-26T19:51:00","slug":"2014-2","status":"publish","type":"page","link":"https:\/\/www.jagdhundeausbildung.info\/?page_id=2292","title":{"rendered":"2014"},"content":{"rendered":"<p>&nbsp;<\/p>\n<div class=\"boxes\">\n<div class=\"box two first\"><span class=\"frame alignleft\"><a href=\"http:\/\/www.jagdhundeausbildung.info\/?page_id=672?iframe=true&width=90%&height=90%\" title=\"Teilnehmer Grundkurs 2014\"  false class=\"imgeffect link\"><img src=\"http:\/\/www.jagdhundeausbildung.info\/wp-content\/uploads\/2014\/04\/teilnehmer_grundkurs_2014-293x170.jpg\" alt=\"Teilnehmer Grundkurs 2014\"  class=\"align\" \/><\/a><\/span><\/div>\n<div class=\"box two last\">\n<h4><a title=\"Teilnehmer Grundkurs 2014\" href=\"http:\/\/www.jagdhundeausbildung.info\/?page_id=672\">Teilnehmer Grundkurs 2014<\/a><\/h4>\n<p>alle zwei- und vierbeinigen Teilnehmer<\/p><\/div>\n<\/div>\n<div class='clear'><\/div>\n<div class=\"boxes\">\n<div class=\"box two first\"><span class=\"frame alignleft\"><a href=\"http:\/\/www.jagdhundeausbildung.info\/?page_id=674?iframe=true&width=90%&height=90%\" title=\"Grundkurs 2014\"  false class=\"imgeffect link\"><img src=\"http:\/\/jagdhundeausbildung.info\/wp-content\/uploads\/2014\/05\/img_0227-293x170.jpg\" alt=\"Grundkurs 2014\"  class=\"align\" \/><\/a><\/span><\/div>\n<div class=\"box two last\">\n<h4><a title=\"Grundkurs 2014\" href=\"http:\/\/www.jagdhundeausbildung.info\/?page_id=674\">Grundkurs 2014<\/a><\/h4>\n<p>Fotos vom Training<\/p><\/div>\n<\/div>\n<div class='clear'><\/div>\n<div class=\"boxes\">\n<div class=\"box two first\"><span class=\"frame alignleft\"><a href=\"http:\/\/www.jagdhundeausbildung.info\/?page_id=880?iframe=true&width=90%&height=90%\" title=\"30er Andreas Herbst\"  false class=\"imgeffect link\"><img src=\"http:\/\/jagdhundeausbildung.info\/wp-content\/uploads\/2014\/05\/img_9936-293x170.jpg\" alt=\"30er Andreas Herbst\"  class=\"align\" \/><\/a><\/span><\/div>\n<div class=\"box two last\">\n<h4><a title=\"30. Geburtstag Andreas Herbst\" href=\"http:\/\/www.jagdhundeausbildung.info\/?page_id=880\">30. Geburtstag Andreas Herbst<\/a><\/h4>\n<p>Fotos von der Geburtstagsfeier<\/p><\/div>\n<\/div>\n<div class='clear'><\/div>\n<div class=\"boxes\">\n<div class=\"box two first\"><span class=\"frame alignleft\"><a href=\"http:\/\/www.jagdhundeausbildung.info\/?page_id=907?iframe=true&width=90%&height=90%\" title=\"Bringtreue Sommerberg\"  false class=\"imgeffect link\"><img src=\"http:\/\/jagdhundeausbildung.info\/wp-content\/uploads\/2014\/05\/bild036-293x170.jpg\" alt=\"Bringtreue Sommerberg\"  class=\"align\" \/><\/a><\/span><\/div>\n<div class=\"box two last\">\n<h4><a title=\"Bringtreue Sommerberg\" href=\"http:\/\/www.jagdhundeausbildung.info\/?page_id=907\">Bringtreue | Sommerberg<\/a><\/h4>\n<p>am 08. M\u00e4rz 2014<br \/>\n&nbsp;<br \/>\nTeilnehmer vom JAZ: Dipl.-Ing. Josef SOMMERHOFER, Dr. Hubert PROMMER und Helmut WEINGARTMANN\n<\/p><\/div>\n<\/div>\n<div class='clear'><\/div>\n<div class=\"boxes\">\n<div class=\"box two first\"><span class=\"frame alignleft\"><a href=\"http:\/\/www.jagdhundeausbildung.info\/?page_id=960?iframe=true&width=90%&height=90%\" title=\"Jagdhundepr\u00e4sentation f\u00fcr Jungj\u00e4ger\"  false class=\"imgeffect link\"><img src=\"http:\/\/jagdhundeausbildung.info\/wp-content\/uploads\/2014\/05\/img_1021-293x170.jpg\" alt=\"Jagdhundepr\u00e4sentation f\u00fcr Jungj\u00e4ger\"  class=\"align\" \/><\/a><\/span><\/div>\n<div class=\"box two last\">\n<h4><a title=\"Jagdhundepr\u00e4sentation f\u00fcr Jungj\u00e4ger\" href=\"http:\/\/www.jagdhundeausbildung.info\/?page_id=960\">Jagdhundepr\u00e4sentation f\u00fcr Jungj\u00e4ger<\/a><\/h4>\n<p>im April 2014<\/p><\/div>\n<\/div>\n<div class='clear'><\/div>\n<div class=\"boxes\">\n<div class=\"box two first\"><span class=\"frame alignleft\"><a href=\"http:\/\/www.jagdhundeausbildung.info\/?page_id=1056?iframe=true&width=90%&height=90%\" title=\"Hundevorf\u00fchrung Rollsdorf\"  false class=\"imgeffect link\"><img src=\"http:\/\/www.jagdhundeausbildung.info\/wp-content\/uploads\/2014\/06\/IMG_0826-293x170.jpg\" alt=\"Hundevorf\u00fchrung Rollsdorf\"  class=\"align\" \/><\/a><\/span><\/div>\n<div class=\"box two last\">\n<h4><a title=\"Hundevorf\u00fchrung Rollsdorf\" href=\"http:\/\/www.jagdhundeausbildung.info\/?page_id=1056\">Hundevorf\u00fchrung Rollsdorf<\/a><\/h4>\n<p>am 6. Mai 2014<\/p><\/div>\n<\/div>\n<div class='clear'><\/div>\n<div class=\"boxes\">\n<div class=\"box two first\"><span class=\"frame alignleft\"><a href=\"http:\/\/www.jagdhundeausbildung.info\/?page_id=1012?iframe=true&width=90%&height=90%\" title=\"Abschluss HF-Kurs\"  false class=\"imgeffect link\"><img src=\"http:\/\/www.jagdhundeausbildung.info\/wp-content\/uploads\/2014\/06\/IMG_1465-293x170.jpg\" alt=\"Abschluss HF-Kurs\"  class=\"align\" \/><\/a><\/span><\/div>\n<div class=\"box two last\">\n<h4><a title=\"Abschluss HF-Kurs\" href=\"http:\/\/www.jagdhundeausbildung.info\/?page_id=1012\">Abschluss HF-Kurs<\/a><\/h4>\n<p>am 17. Mai 2014<\/p><\/div>\n<\/div>\n<div class='clear'><\/div>\n<div class=\"boxes\">\n<div class=\"box two first\"><span class=\"frame alignleft\"><a href=\"http:\/\/www.jagdhundeausbildung.info\/?page_id=1145?iframe=true&width=90%&height=90%\" title=\"Schwei\u00dfsonderpr\u00fcfung\"  false class=\"imgeffect link\"><img src=\"http:\/\/www.jagdhundeausbildung.info\/wp-content\/uploads\/2014\/07\/Bild-160-293x170.jpg\" alt=\"Schwei\u00dfsonderpr\u00fcfung Hartberg\/F\u00fcrstenfeld\"  class=\"align\" \/><\/a><\/span><\/div>\n<div class=\"box two last\">\n<h4><a title=\"Schwei\u00dfsonderpr\u00fcfung Hartberg\/F\u00fcrstenfeld\" href=\"http:\/\/www.jagdhundeausbildung.info\/?page_id=1145\">Schwei\u00dfsonderpr\u00fcfung Hartberg\/F\u00fcrstenfeld<\/a><\/h4>\n<p>am 13. \u2013 14. Juni 2014<\/p><\/div>\n<\/div>\n<div class='clear'><\/div>\n<div class=\"boxes\">\n<div class=\"box two first\"><span class=\"frame alignleft\"><a href=\"http:\/\/www.jagdhundeausbildung.info\/?page_id=1188?iframe=true&width=90%&height=90%\" title=\"Die Neuen 2014\"  false class=\"imgeffect link\"><img src=\"http:\/\/www.jagdhundeausbildung.info\/wp-content\/uploads\/2014\/12\/IMG_9382-293x170.jpg\" alt=\"Die Neuen \u2013 Welpenkurs 2014\"  class=\"align\" \/><\/a><\/span><\/div>\n<div class=\"box two last\">\n<h4><a title=\"Die Neuen \u2013 Welpenkurs 2014\" href=\"http:\/\/www.jagdhundeausbildung.info\/?page_id=1188\">Die Neuen<\/a><\/h4>\n<p>Welpenkurs 2014<\/p><\/div>\n<\/div>\n<div class='clear'><\/div>\n<div class=\"boxes\">\n<div class=\"box two first\"><span class=\"frame alignleft\"><a href=\"http:\/\/www.jagdhundeausbildung.info\/?page_id=1229?iframe=true&width=90%&height=90%\" title=\"\u00dcbungstage Burgenland\"  false class=\"imgeffect link\"><img src=\"http:\/\/www.jagdhundeausbildung.info\/wp-content\/uploads\/2014\/12\/IMG_2310-293x170.jpg\" alt=\"\u00dcbungstage Burgenland\"  class=\"align\" \/><\/a><\/span><\/div>\n<div class=\"box two last\">\n<h4><a title=\"\u00dcbungstage Burgenland\" href=\"http:\/\/www.jagdhundeausbildung.info\/?page_id=1229\">\u00dcbungstage Burgenland<\/a><\/h4>\n<\/div>\n<\/div>\n<p><br class=\"clear\" \/><br \/>\n&nbsp;<\/p>\n<div class=\"line\"><span class=\"line\"> <\/span><\/div>","protected":false},"excerpt":{"rendered":"<p>&nbsp; Teilnehmer Grundkurs 2014 alle zwei- und vierbeinigen Teilnehmer Grundkurs 2014 Fotos vom Training 30. Geburtstag Andreas Herbst Fotos von der Geburtstagsfeier Bringtreue | Sommerberg am 08. M\u00e4rz 2014 &nbsp; Teilnehmer vom JAZ: Dipl.-Ing. Josef SOMMERHOFER, Dr. Hubert PROMMER und Helmut WEINGARTMANN Jagdhundepr\u00e4sentation f\u00fcr Jungj\u00e4ger im April 2014 Hundevorf\u00fchrung Rollsdorf am 6. Mai 2014 Abschluss [&hellip;]<\/p>\n","protected":false},"author":1,"featured_media":0,"parent":0,"menu_order":0,"comment_status":"closed","ping_status":"closed","template":"","meta":{"_eb_attr":""},"_links":{"self":[{"href":"https:\/\/www.jagdhundeausbildung.info\/index.php?rest_route=\/wp\/v2\/pages\/2292"}],"collection":[{"href":"https:\/\/www.jagdhundeausbildung.info\/index.php?rest_route=\/wp\/v2\/pages"}],"about":[{"href":"https:\/\/www.jagdhundeausbildung.info\/index.php?rest_route=\/wp\/v2\/types\/page"}],"author":[{"embeddable":true,"href":"https:\/\/www.jagdhundeausbildung.info\/index.php?rest_route=\/wp\/v2\/users\/1"}],"replies":[{"embeddable":true,"href":"https:\/\/www.jagdhundeausbildung.info\/index.php?rest_route=%2Fwp%2Fv2%2Fcomments&post=2292"}],"version-history":[{"count":3,"href":"https:\/\/www.jagdhundeausbildung.info\/index.php?rest_route=\/wp\/v2\/pages\/2292\/revisions"}],"predecessor-version":[{"id":2308,"href":"https:\/\/www.jagdhundeausbildung.info\/index.php?rest_route=\/wp\/v2\/pages\/2292\/revisions\/2308"}],"wp:attachment":[{"href":"https:\/\/www.jagdhundeausbildung.info\/index.php?rest_route=%2Fwp%2Fv2%2Fmedia&parent=2292"}],"curies":[{"name":"wp","href":"https:\/\/api.w.org\/{rel}","templated":true}]}}