{"id":2311,"date":"2017-08-26T22:16:23","date_gmt":"2017-08-26T20:16:23","guid":{"rendered":"http:\/\/www.jagdhundeausbildung.info\/?page_id=2311"},"modified":"2018-01-16T20:28:10","modified_gmt":"2018-01-16T18:28:10","slug":"2017-2","status":"publish","type":"page","link":"https:\/\/www.jagdhundeausbildung.info\/?page_id=2311","title":{"rendered":"2017"},"content":{"rendered":"<p>&nbsp;<\/p>\n<div class=\"boxes\">\n<div class=\"box two first\"><span class=\"frame alignleft\"><a href=\"http:\/\/www.jagdhundeausbildung.info\/?page_id=2569?iframe=true&width=90%&height=90%\" title=\"Abschluss &gt; 2017\"  false class=\"imgeffect link\"><img src=\"http:\/\/www.jagdhundeausbildung.info\/wp-content\/uploads\/2018\/01\/IMG_5397-293x170.jpg\" alt=\"http:\/\/www.jagdhundeausbildung.info\/?page_id=2350\"  class=\"align\" \/><\/a><\/span><\/div>\n<div class=\"box two last\">\n<h4><a title=\"Abschluss\" href=\"http:\/\/www.jagdhundeausbildung.info\/?page_id=2569\">Abschluss FW und VGP<\/a><\/h4>\n<p>2017<\/p>\n<\/div>\n<\/div>\n<div class='clear'><\/div>\n<div class=\"boxes\">\n<div class=\"box two first\"><span class=\"frame alignleft\"><a href=\" http:\/\/www.jagdhundeausbildung.info\/?page_id=2460?iframe=true&width=90%&height=90%\" title=\"Jagdhundepr\u00e4sentation &gt; 2017\"  false class=\"imgeffect link\"><img src=\"http:\/\/www.jagdhundeausbildung.info\/wp-content\/uploads\/2017\/09\/IMG_3593-293x170.jpg\" alt=\"http:\/\/www.jagdhundeausbildung.info\/?page_id=2350\"  class=\"align\" \/><\/a><\/span><\/div>\n<div class=\"box two last\">\n<h4><a title=\"Junghunde\" href=\" http:\/\/www.jagdhundeausbildung.info\/?page_id=2460\">FW und VGP<\/a><\/h4>\n<p>2017<\/p>\n<\/div>\n<\/div>\n<div class='clear'><\/div>\n<div class=\"boxes\">\n<div class=\"box two first\"><span class=\"frame alignleft\"><a href=\"http:\/\/www.jagdhundeausbildung.info\/?page_id=2350?iframe=true&width=90%&height=90%\" title=\"Jagdhundepr\u00e4sentation &gt; 27.Aug.\"  false class=\"imgeffect link\"><img src=\"http:\/\/www.jagdhundeausbildung.info\/wp-content\/uploads\/2017\/08\/IMG_3666-293x170.jpg\" alt=\"http:\/\/www.jagdhundeausbildung.info\/?page_id=2350\"  class=\"align\" \/><\/a><\/span><\/div>\n<div class=\"box two last\">\n<h4><a title=\"Junghunde\" href=\"http:\/\/www.jagdhundeausbildung.info\/?page_id=2350\">Jagdhundepr\u00e4sentation in Schirnitz<\/a><\/h4>\n<p>27.Aug.<\/p>\n<\/div>\n<\/div>\n<div class='clear'><\/div>\n<div class=\"boxes\">\n<div class=\"box two first\"><span class=\"frame alignleft\"><a href=\"http:\/\/www.jagdhundeausbildung.info\/?page_id=2283?iframe=true&width=90%&height=90%\" title=\"Junghundetreffen &gt; 2018\"  false class=\"imgeffect link\"><img src=\"http:\/\/www.jagdhundeausbildung.info\/wp-content\/uploads\/2017\/08\/IMG_3298-293x170.jpg\" alt=\"http:\/\/www.jagdhundeausbildung.info\/?page_id=2283\"  class=\"align\" \/><\/a><\/span><\/div>\n<div class=\"box two last\">\n<h4><a title=\"Junghunde\" href=\"http:\/\/www.jagdhundeausbildung.info\/?page_id=2283\">Junghunde f\u00fcr 2018<\/a><\/h4>\n<p>2018<\/p>\n<\/div>\n<\/div>\n<div class='clear'><\/div>\n<div class=\"boxes\">\n<div class=\"box two first\"><span class=\"frame alignleft\"><a href=\"http:\/\/www.jagdhundeausbildung.info\/?page_id=2229?iframe=true&width=90%&height=90%\" title=\"Jagdhundepr\u00e4sentation f\u00fcr Jungj\u00e4ger am 09.April\"  false class=\"imgeffect link\"><img src=\"http:\/\/www.jagdhundeausbildung.info\/wp-content\/uploads\/2017\/05\/IMG_1169-293x170.jpg\" alt=\"http:\/\/www.jagdhundeausbildung.info\/?page_id=2229\"  class=\"align\" \/><\/a><\/span><\/div>\n<div class=\"box two last\">\n<h4><a title=\"Jagdhundepr\u00e4sentation f\u00fcr Jungj\u00e4ger am 09.April\" href=\"http:\/\/www.jagdhundeausbildung.info\/?page_id=2229\">Jagdhundepr\u00e4sentation f\u00fcr Jungj\u00e4ger am 09.April<\/a><\/h4>\n<p>09.April<\/p>\n<\/div>\n<\/div>\n<div class='clear'><\/div>\n<div class=\"boxes\">\n<div class=\"box two first\"><span class=\"frame alignleft\"><a href=\"http:\/\/www.jagdhundeausbildung.info\/?page_id=2180?iframe=true&width=90%&height=90%\" title=\"Grundkurs\"  false class=\"imgeffect link\"><img src=\"http:\/\/www.jagdhundeausbildung.info\/wp-content\/uploads\/2017\/02\/IMG_0435-293x170.jpg\" alt=\"Grundkurs\"  class=\"align\" \/><\/a><\/span><\/div>\n<div class=\"box two last\">\n<h4><a title=\"2017\" href=\"http:\/\/www.jagdhundeausbildung.info\/?page_id=2180\">Grundkurs 2017<\/a><\/h4>\n<p>Hundef\u00fchrerkurs<\/p>\n<\/div>\n<\/div>\n<div class='clear'><\/div>\n<div class=\"boxes\">\n<div class=\"box two first\"><span class=\"frame alignleft\"><a href=\"http:\/\/www.jagdhundeausbildung.info\/?page_id=2736?iframe=true&width=90%&height=90%\" title=\"Bringtreue &gt; 2017\"  false class=\"imgeffect link\"><img src=\"http:\/\/www.jagdhundeausbildung.info\/wp-content\/uploads\/2018\/01\/IMG_0793-293x170.jpg\" alt=\"http:\/\/www.jagdhundeausbildung.info\/?page_id=2736http:\/\/www.jagdhundeausbildung.info\/?page_id=2736\"  class=\"align\" \/><\/a><\/span><\/div>\n<div class=\"box two last\">\n<h4><a title=\"Bringtreue\" href=\"http:\/\/www.jagdhundeausbildung.info\/?page_id=2736\">Bringtreue<\/a><\/h4>\n<p>2017\n<\/p><\/div>\n<\/div>\n<p>&nbsp;<\/p>","protected":false},"excerpt":{"rendered":"<p>&nbsp; Abschluss FW und VGP 2017 FW und VGP 2017 Jagdhundepr\u00e4sentation in Schirnitz 27.Aug. Junghunde f\u00fcr 2018 2018 Jagdhundepr\u00e4sentation f\u00fcr Jungj\u00e4ger am 09.April 09.April Grundkurs 2017 Hundef\u00fchrerkurs Bringtreue 2017 &nbsp;<\/p>\n","protected":false},"author":1,"featured_media":0,"parent":0,"menu_order":0,"comment_status":"closed","ping_status":"closed","template":"","meta":{"_eb_attr":""},"_links":{"self":[{"href":"https:\/\/www.jagdhundeausbildung.info\/index.php?rest_route=\/wp\/v2\/pages\/2311"}],"collection":[{"href":"https:\/\/www.jagdhundeausbildung.info\/index.php?rest_route=\/wp\/v2\/pages"}],"about":[{"href":"https:\/\/www.jagdhundeausbildung.info\/index.php?rest_route=\/wp\/v2\/types\/page"}],"author":[{"embeddable":true,"href":"https:\/\/www.jagdhundeausbildung.info\/index.php?rest_route=\/wp\/v2\/users\/1"}],"replies":[{"embeddable":true,"href":"https:\/\/www.jagdhundeausbildung.info\/index.php?rest_route=%2Fwp%2Fv2%2Fcomments&post=2311"}],"version-history":[{"count":8,"href":"https:\/\/www.jagdhundeausbildung.info\/index.php?rest_route=\/wp\/v2\/pages\/2311\/revisions"}],"predecessor-version":[{"id":2749,"href":"https:\/\/www.jagdhundeausbildung.info\/index.php?rest_route=\/wp\/v2\/pages\/2311\/revisions\/2749"}],"wp:attachment":[{"href":"https:\/\/www.jagdhundeausbildung.info\/index.php?rest_route=%2Fwp%2Fv2%2Fmedia&parent=2311"}],"curies":[{"name":"wp","href":"https:\/\/api.w.org\/{rel}","templated":true}]}}