{"id":3436,"date":"2019-03-02T15:32:03","date_gmt":"2019-03-02T13:32:03","guid":{"rendered":"http:\/\/www.jagdhundeausbildung.info\/?page_id=3436"},"modified":"2025-11-16T19:09:14","modified_gmt":"2025-11-16T18:09:14","slug":"berichte-jaz","status":"publish","type":"page","link":"https:\/\/www.jagdhundeausbildung.info\/?page_id=3436","title":{"rendered":"JAZ Berichte"},"content":{"rendered":"<div class=\"wp-block-media-text alignwide is-stacked-on-mobile\" style=\"grid-template-columns:40% auto\"><figure class=\"wp-block-media-text__media\"><a href=\"http:\/\/www.jagdhundeausbildung.info\/wp-content\/uploads\/2025\/11\/HP-FW-VGP-Bericht-Dez.pdf\"><img decoding=\"async\" loading=\"lazy\" width=\"1024\" height=\"683\" src=\"http:\/\/www.jagdhundeausbildung.info\/wp-content\/uploads\/2025\/11\/IMG_2058-1024x683.jpg\" alt=\"\" class=\"wp-image-6341 size-full\" srcset=\"https:\/\/www.jagdhundeausbildung.info\/wp-content\/uploads\/2025\/11\/IMG_2058-1024x683.jpg 1024w, https:\/\/www.jagdhundeausbildung.info\/wp-content\/uploads\/2025\/11\/IMG_2058-300x200.jpg 300w, https:\/\/www.jagdhundeausbildung.info\/wp-content\/uploads\/2025\/11\/IMG_2058-768x512.jpg 768w, https:\/\/www.jagdhundeausbildung.info\/wp-content\/uploads\/2025\/11\/IMG_2058-1536x1024.jpg 1536w, https:\/\/www.jagdhundeausbildung.info\/wp-content\/uploads\/2025\/11\/IMG_2058-2048x1365.jpg 2048w\" sizes=\"(max-width: 1024px) 100vw, 1024px\" \/><\/a><\/figure><div class=\"wp-block-media-text__content\">\n<p><a href=\"http:\/\/www.jagdhundeausbildung.info\/wp-content\/uploads\/2025\/11\/HP-FW-VGP-Bericht-Dez.pdf\">VGP und FuW Kurs 2025<\/a><\/p>\n<\/div><\/div>\n\n\n\n<div style=\"height:10px\" aria-hidden=\"true\" class=\"wp-block-spacer\"><\/div>\n\n\n\n<div class=\"wp-block-media-text alignwide is-stacked-on-mobile\" style=\"grid-template-columns:40% auto\"><figure class=\"wp-block-media-text__media\"><a href=\"http:\/\/www.jagdhundeausbildung.info\/wp-content\/uploads\/2025\/05\/Jungjaeger-bericht.pdf\"><img decoding=\"async\" loading=\"lazy\" width=\"1024\" height=\"683\" src=\"http:\/\/www.jagdhundeausbildung.info\/wp-content\/uploads\/2025\/05\/IMG_4311-Kopie.jpg\" alt=\"\" class=\"wp-image-6175 size-full\" srcset=\"https:\/\/www.jagdhundeausbildung.info\/wp-content\/uploads\/2025\/05\/IMG_4311-Kopie.jpg 1024w, https:\/\/www.jagdhundeausbildung.info\/wp-content\/uploads\/2025\/05\/IMG_4311-Kopie-300x200.jpg 300w, https:\/\/www.jagdhundeausbildung.info\/wp-content\/uploads\/2025\/05\/IMG_4311-Kopie-768x512.jpg 768w\" sizes=\"(max-width: 1024px) 100vw, 1024px\" \/><\/a><\/figure><div class=\"wp-block-media-text__content\">\n<p><a href=\"http:\/\/www.jagdhundeausbildung.info\/wp-content\/uploads\/2025\/05\/Jungjaeger-bericht.pdf\">Jagdhunde- und Falknerpr\u00e4sentation 2025<\/a><\/p>\n<\/div><\/div>\n\n\n\n<div style=\"height:10px\" aria-hidden=\"true\" class=\"wp-block-spacer\"><\/div>\n\n\n\n<div class=\"wp-block-media-text alignwide is-stacked-on-mobile\" style=\"grid-template-columns:40% auto\"><figure class=\"wp-block-media-text__media\"><a href=\"http:\/\/www.jagdhundeausbildung.info\/wp-content\/uploads\/2025\/05\/Bringtreue-Pruefung-Bericht.pdf\"><img decoding=\"async\" loading=\"lazy\" width=\"1024\" height=\"768\" src=\"http:\/\/www.jagdhundeausbildung.info\/wp-content\/uploads\/2025\/05\/IMG-20250316-WA0004.jpg\" alt=\"\" class=\"wp-image-6172 size-full\" srcset=\"https:\/\/www.jagdhundeausbildung.info\/wp-content\/uploads\/2025\/05\/IMG-20250316-WA0004.jpg 1024w, https:\/\/www.jagdhundeausbildung.info\/wp-content\/uploads\/2025\/05\/IMG-20250316-WA0004-300x225.jpg 300w, https:\/\/www.jagdhundeausbildung.info\/wp-content\/uploads\/2025\/05\/IMG-20250316-WA0004-768x576.jpg 768w\" sizes=\"(max-width: 1024px) 100vw, 1024px\" \/><\/a><\/figure><div class=\"wp-block-media-text__content\">\n<p><a href=\"http:\/\/www.jagdhundeausbildung.info\/wp-content\/uploads\/2025\/05\/Bringtreue-Pruefung-Bericht.pdf\">Bringtreue 2025 <\/a><\/p>\n<\/div><\/div>\n\n\n\n<div style=\"height:10px\" aria-hidden=\"true\" class=\"wp-block-spacer\"><\/div>\n\n\n\n<div class=\"wp-block-media-text alignwide is-stacked-on-mobile\" style=\"grid-template-columns:40% auto\"><figure class=\"wp-block-media-text__media\"><a href=\"http:\/\/www.jagdhundeausbildung.info\/wp-content\/uploads\/2025\/05\/Herr-Gabriel-Gauster-stellte-sich-nach-3-Jaehriger-Ausbildung-der-Pruefung-fuer-den-Leistungsrichter-der-Vorstehhunde.pdf\"><img decoding=\"async\" loading=\"lazy\" width=\"768\" height=\"1024\" src=\"http:\/\/www.jagdhundeausbildung.info\/wp-content\/uploads\/2025\/05\/IMG-20250125-WA0012.jpg\" alt=\"\" class=\"wp-image-6171 size-full\" srcset=\"https:\/\/www.jagdhundeausbildung.info\/wp-content\/uploads\/2025\/05\/IMG-20250125-WA0012.jpg 768w, https:\/\/www.jagdhundeausbildung.info\/wp-content\/uploads\/2025\/05\/IMG-20250125-WA0012-225x300.jpg 225w\" sizes=\"(max-width: 768px) 100vw, 768px\" \/><\/a><\/figure><div class=\"wp-block-media-text__content\">\n<p><a href=\"http:\/\/www.jagdhundeausbildung.info\/wp-content\/uploads\/2025\/05\/Herr-Gabriel-Gauster-stellte-sich-nach-3-Jaehriger-Ausbildung-der-Pruefung-fuer-den-Leistungsrichter-der-Vorstehhunde.pdf\">Neuer Leistungsrichter &#8211; Gabriel Gauster<\/a><\/p>\n<\/div><\/div>\n\n\n\n<div style=\"height:10px\" aria-hidden=\"true\" class=\"wp-block-spacer\"><\/div>\n\n\n\n<div class=\"wp-block-media-text alignwide is-stacked-on-mobile\" style=\"grid-template-columns:40% auto\"><figure class=\"wp-block-media-text__media\"><a href=\"http:\/\/www.jagdhundeausbildung.info\/wp-content\/uploads\/2025\/05\/Ehrung.pdf\"><img decoding=\"async\" loading=\"lazy\" width=\"1024\" height=\"768\" src=\"http:\/\/www.jagdhundeausbildung.info\/wp-content\/uploads\/2025\/05\/IMG-20250222-WA0012.jpg\" alt=\"\" class=\"wp-image-6169 size-full\" srcset=\"https:\/\/www.jagdhundeausbildung.info\/wp-content\/uploads\/2025\/05\/IMG-20250222-WA0012.jpg 1024w, https:\/\/www.jagdhundeausbildung.info\/wp-content\/uploads\/2025\/05\/IMG-20250222-WA0012-300x225.jpg 300w, https:\/\/www.jagdhundeausbildung.info\/wp-content\/uploads\/2025\/05\/IMG-20250222-WA0012-768x576.jpg 768w\" sizes=\"(max-width: 1024px) 100vw, 1024px\" \/><\/a><\/figure><div class=\"wp-block-media-text__content\">\n<p><a href=\"http:\/\/www.jagdhundeausbildung.info\/wp-content\/uploads\/2025\/05\/Ehrung.pdf\">Ehrung von Siegfried Gauser und Andreas Herbst <\/a><\/p>\n<\/div><\/div>\n\n\n\n<div style=\"height:10px\" aria-hidden=\"true\" class=\"wp-block-spacer\"><\/div>\n\n\n\n<div class=\"wp-block-media-text alignwide is-stacked-on-mobile\" style=\"grid-template-columns:40% auto\"><figure class=\"wp-block-media-text__media\"><a href=\"http:\/\/www.jagdhundeausbildung.info\/wp-content\/uploads\/2025\/05\/auszeichnung-jaz-team-1.pdf\"><img decoding=\"async\" loading=\"lazy\" width=\"1024\" height=\"683\" src=\"http:\/\/www.jagdhundeausbildung.info\/wp-content\/uploads\/2025\/05\/IMG_3362.jpg\" alt=\"\" class=\"wp-image-6164 size-full\" srcset=\"https:\/\/www.jagdhundeausbildung.info\/wp-content\/uploads\/2025\/05\/IMG_3362.jpg 1024w, https:\/\/www.jagdhundeausbildung.info\/wp-content\/uploads\/2025\/05\/IMG_3362-300x200.jpg 300w, https:\/\/www.jagdhundeausbildung.info\/wp-content\/uploads\/2025\/05\/IMG_3362-768x512.jpg 768w\" sizes=\"(max-width: 1024px) 100vw, 1024px\" \/><\/a><\/figure><div class=\"wp-block-media-text__content\">\n<p><a href=\"http:\/\/www.jagdhundeausbildung.info\/wp-content\/uploads\/2025\/05\/auszeichnung-jaz-team-1.pdf\">Auszeichnung JAZ-Team <\/a><\/p>\n<\/div><\/div>\n\n\n\n<div style=\"height:10px\" aria-hidden=\"true\" class=\"wp-block-spacer\"><\/div>\n\n\n\n<div class=\"wp-block-media-text alignwide is-stacked-on-mobile\" style=\"grid-template-columns:40% auto\"><figure class=\"wp-block-media-text__media\"><a href=\"http:\/\/www.jagdhundeausbildung.info\/wp-content\/uploads\/2025\/05\/Herr-HutterAndreas-aus-Albersdorf-konnte-bei-der-internationalen-Hundeausstellung-in-Premstaetten-am-29-Maerz-2025-mit-seiner-Huendin-COSMA-v.pdf\"><img decoding=\"async\" loading=\"lazy\" width=\"768\" height=\"1021\" src=\"http:\/\/www.jagdhundeausbildung.info\/wp-content\/uploads\/2025\/05\/IMG-20250330-WA0009.jpg\" alt=\"\" class=\"wp-image-6167 size-full\" srcset=\"https:\/\/www.jagdhundeausbildung.info\/wp-content\/uploads\/2025\/05\/IMG-20250330-WA0009.jpg 768w, https:\/\/www.jagdhundeausbildung.info\/wp-content\/uploads\/2025\/05\/IMG-20250330-WA0009-226x300.jpg 226w\" sizes=\"(max-width: 768px) 100vw, 768px\" \/><\/a><\/figure><div class=\"wp-block-media-text__content\">\n<p><a href=\"http:\/\/www.jagdhundeausbildung.info\/wp-content\/uploads\/2025\/05\/Herr-HutterAndreas-aus-Albersdorf-konnte-bei-der-internationalen-Hundeausstellung-in-Premstaetten-am-29-Maerz-2025-mit-seiner-Huendin-COSMA-v.pdf\">IHA Premst\u00e4tten &#8211; Hutter Andreas mit Cosma <\/a><\/p>\n<\/div><\/div>\n\n\n\n<div style=\"height:10px\" aria-hidden=\"true\" class=\"wp-block-spacer\"><\/div>\n\n\n\n<div class=\"wp-block-media-text alignwide is-stacked-on-mobile is-vertically-aligned-center\" style=\"grid-template-columns:40% auto\"><figure class=\"wp-block-media-text__media\"><a href=\"http:\/\/www.jagdhundeausbildung.info\/wp-content\/uploads\/2025\/01\/FuW-Bericht-JAZ.pdf\"><img decoding=\"async\" loading=\"lazy\" width=\"1024\" height=\"683\" src=\"http:\/\/www.jagdhundeausbildung.info\/wp-content\/uploads\/2025\/01\/DSC_4409.jpg\" alt=\"\" class=\"wp-image-6142 size-full\" srcset=\"https:\/\/www.jagdhundeausbildung.info\/wp-content\/uploads\/2025\/01\/DSC_4409.jpg 1024w, https:\/\/www.jagdhundeausbildung.info\/wp-content\/uploads\/2025\/01\/DSC_4409-300x200.jpg 300w, https:\/\/www.jagdhundeausbildung.info\/wp-content\/uploads\/2025\/01\/DSC_4409-768x512.jpg 768w\" sizes=\"(max-width: 1024px) 100vw, 1024px\" \/><\/a><\/figure><div class=\"wp-block-media-text__content\">\n<p><a href=\"http:\/\/www.jagdhundeausbildung.info\/wp-content\/uploads\/2025\/01\/FuW-Bericht-JAZ.pdf\">Feld und Wasserkurs 2024<\/a><\/p>\n<\/div><\/div>\n\n\n\n<div style=\"height:10px\" aria-hidden=\"true\" class=\"wp-block-spacer\"><\/div>\n\n\n\n<div class=\"wp-block-media-text alignwide is-stacked-on-mobile\" style=\"grid-template-columns:40% auto\"><figure class=\"wp-block-media-text__media\"><a href=\"http:\/\/www.jagdhundeausbildung.info\/wp-content\/uploads\/2025\/01\/Jagdhundefuehrerabschluss-2024.pdf\"><img decoding=\"async\" loading=\"lazy\" width=\"448\" height=\"299\" src=\"http:\/\/www.jagdhundeausbildung.info\/wp-content\/uploads\/2024\/09\/Siegerin-JHKursabschluss-Lisa.jpg\" alt=\"\" class=\"wp-image-6130 size-full\" srcset=\"https:\/\/www.jagdhundeausbildung.info\/wp-content\/uploads\/2024\/09\/Siegerin-JHKursabschluss-Lisa.jpg 448w, https:\/\/www.jagdhundeausbildung.info\/wp-content\/uploads\/2024\/09\/Siegerin-JHKursabschluss-Lisa-300x200.jpg 300w\" sizes=\"(max-width: 448px) 100vw, 448px\" \/><\/a><\/figure><div class=\"wp-block-media-text__content\">\n<p><a href=\"http:\/\/www.jagdhundeausbildung.info\/wp-content\/uploads\/2025\/01\/Jagdhundefuehrerabschluss-2024.pdf\">Jagdhundef\u00fchrerabschluss 2024<\/a><\/p>\n\n\n\n\n<\/div><\/div>\n\n\n\n<div style=\"height:10px\" aria-hidden=\"true\" class=\"wp-block-spacer\"><\/div>\n\n\n\n<div class=\"wp-block-media-text alignwide is-stacked-on-mobile\" style=\"grid-template-columns:40% auto\"><figure class=\"wp-block-media-text__media\"><a href=\"http:\/\/www.jagdhundeausbildung.info\/wp-content\/uploads\/2025\/01\/Bringtreue-Bericht.pdf\"><img decoding=\"async\" loading=\"lazy\" width=\"1024\" height=\"664\" src=\"http:\/\/www.jagdhundeausbildung.info\/wp-content\/uploads\/2024\/09\/20240309_133425-Komp.jpg\" alt=\"\" class=\"wp-image-6122 size-full\" srcset=\"https:\/\/www.jagdhundeausbildung.info\/wp-content\/uploads\/2024\/09\/20240309_133425-Komp.jpg 1024w, https:\/\/www.jagdhundeausbildung.info\/wp-content\/uploads\/2024\/09\/20240309_133425-Komp-300x195.jpg 300w, https:\/\/www.jagdhundeausbildung.info\/wp-content\/uploads\/2024\/09\/20240309_133425-Komp-768x498.jpg 768w\" sizes=\"(max-width: 1024px) 100vw, 1024px\" \/><\/a><\/figure><div class=\"wp-block-media-text__content\">\n<p><a href=\"http:\/\/www.jagdhundeausbildung.info\/wp-content\/uploads\/2025\/01\/Bringtreue-Bericht.pdf\">Bringtreue 2024<\/a><\/p>\n\n\n\n\n<\/div><\/div>\n\n\n\n<div style=\"height:10px\" aria-hidden=\"true\" class=\"wp-block-spacer\"><\/div>\n\n\n\n<div class=\"boxes\">\n<div id=\"containerdownload\">\n<figure><a title=\"Jagdhund\" href=\"http:\/\/www.jagdhundeausbildung.info\/wp-content\/uploads\/2020\/12\/Das-Jahr-2020-wurde-von-unseren-Jagdhundef\u00fchrern-trotz-Corona-und-diversen-anderen-Gegebenheiten-mit-sehr-viel-Flei\u00df-und-Einsatz-positiv-abgeschlossen.pdf\" target=\"_blank\" rel=\"noopener\"><img decoding=\"async\" loading=\"lazy\" class=\"wp-image-452 alignleft\" title=\"Download\" src=\"http:\/\/www.jagdhundeausbildung.info\/wp-content\/uploads\/2019\/11\/JAZ-zum-R\u00f6mer-Kopie.jpg\" alt=\"Download\" width=\"80\" height=\"80\"><\/a><\/figure><div><\/div>\n<\/div>\n<div>&nbsp;<\/div>\n<div id=\"containerdownloadfont\"><a href=\"http:\/\/www.jagdhundeausbildung.info\/wp-content\/uploads\/2020\/12\/Das-Jahr-2020-wurde-von-unseren-Jagdhundef\u00fchrern-trotz-Corona-und-diversen-anderen-Gegebenheiten-mit-sehr-viel-Flei\u00df-und-Einsatz-positiv-abgeschlossen.pdf\"><span style=\"color: #808080;\"><strong>Von-Das-Jahr-2020-wurde-von-unseren-Jagdhundef\u00fchrern-trotz-Corona-und-diversen-anderen-Gegebenheiten-mit-sehr-viel-Flei\u00df-und-Einsatz-positiv-abgeschlossen<\/strong><\/span><\/a><\/div>\n<div>&nbsp;<\/div>\n<\/div>\n\n\n\n<div style=\"height:25px\" aria-hidden=\"true\" class=\"wp-block-spacer\"><\/div>\n\n\n\n<div class=\"boxes\">\n<div id=\"containerdownload\">\n<figure><a title=\"Jagdhund\" href=\"http:\/\/www.jagdhundeausbildung.info\/wp-content\/uploads\/2020\/12\/Artikel_HundeausbildungJAZ.pdf\" target=\"_blank\" rel=\"noopener\"><img decoding=\"async\" loading=\"lazy\" class=\"wp-image-452 alignleft\" title=\"Download\" src=\"http:\/\/www.jagdhundeausbildung.info\/wp-content\/uploads\/2020\/12\/IMG_6074.jpg\" alt=\"Download\" width=\"80\" height=\"80\"><\/a><\/figure><div><\/div>\n<\/div>\n<div>&nbsp;<\/div>\n<div id=\"containerdownloadfont\"><a href=\"http:\/\/www.jagdhundeausbildung.info\/wp-content\/uploads\/2020\/12\/Artikel_HundeausbildungJAZ.pdf\"><span style=\"color: #808080;\"><strong>Vorbereitung zur Bringtreue und VGP im JAZ<\/strong><\/span><\/a><\/div>\n<div>&nbsp;<\/div>\n<\/div>\n\n\n\n<div style=\"height:25px\" aria-hidden=\"true\" class=\"wp-block-spacer\"><\/div>\n\n\n\n<div class=\"boxes\">\n<div id=\"containerdownload\">\n<figure><a title=\"Jagdhund\" href=\"http:\/\/www.jagdhundeausbildung.info\/wp-content\/uploads\/2020\/12\/VPG-\u00d6VM\u00dc-am-26.09.2020.pdf\" target=\"_blank\" rel=\"noopener\"><img decoding=\"async\" loading=\"lazy\" class=\"wp-image-452 alignleft\" title=\"Download\" src=\"http:\/\/www.jagdhundeausbildung.info\/wp-content\/uploads\/2020\/12\/Bauer-Ursula.jpg\" alt=\"Download\" width=\"80\" height=\"80\"><\/a><\/figure><div><\/div>\n<\/div>\n<div>&nbsp;<\/div>\n<div id=\"containerdownloadfont\"><a href=\"http:\/\/www.jagdhundeausbildung.info\/wp-content\/uploads\/2020\/12\/VPG-\u00d6VM\u00dc-am-26.09.2020.pdf\"><span style=\"color: #808080;\"><strong>VPG-\u00d6VM\u00dc-am-26.09.2020<\/strong><\/span><\/a><\/div>\n<div>&nbsp;<\/div>\n<\/div>\n\n\n\n<div style=\"height:25px\" aria-hidden=\"true\" class=\"wp-block-spacer\"><\/div>\n\n\n\n<div class=\"boxes\">\n<div id=\"containerdownload\">\n<figure><a title=\"Jagdhund\" href=\"http:\/\/www.jagdhundeausbildung.info\/wp-content\/uploads\/2020\/12\/JAGDHUNDEF\u00dcHRERKURS-Abschluss.pdf\" target=\"_blank\" rel=\"noopener\"><img decoding=\"async\" loading=\"lazy\" class=\"wp-image-452 alignleft\" title=\"Download\" src=\"http:\/\/www.jagdhundeausbildung.info\/wp-content\/uploads\/2020\/12\/IMG_1501.jpg\" alt=\"Download\" width=\"80\" height=\"80\"><\/a><\/figure><div><\/div>\n<\/div>\n<div>&nbsp;<\/div>\n<div id=\"containerdownloadfont\"><a href=\"http:\/\/www.jagdhundeausbildung.info\/wp-content\/uploads\/2020\/12\/JAGDHUNDEF\u00dcHRERKURS-Abschluss.pdf\"><span style=\"color: #808080;\"><strong>JAGDHUNDEF\u00dcHRERKURS-Abschluss<\/strong><\/span><\/a><\/div>\n<div>&nbsp;<\/div>\n<\/div>\n\n\n\n<div style=\"height:25px\" aria-hidden=\"true\" class=\"wp-block-spacer\"><\/div>\n\n\n\n<div class=\"boxes\">\n<div id=\"containerdownload\">\n<figure><a title=\"Jagdhund\" href=\"http:\/\/www.jagdhundeausbildung.info\/wp-content\/uploads\/2020\/12\/Bericht-IHA-Graz-am-29.02.2020.pdf\" target=\"_blank\" rel=\"noopener\"><img decoding=\"async\" loading=\"lazy\" class=\"wp-image-452 alignleft\" title=\"Download\" src=\"http:\/\/www.jagdhundeausbildung.info\/wp-content\/uploads\/2020\/12\/FB_IMG_1608484167660.jpg\" alt=\"Download\" width=\"80\" height=\"80\"><\/a><\/figure><div><\/div>\n<\/div>\n<div>&nbsp;<\/div>\n<div id=\"containerdownloadfont\"><a href=\"http:\/\/www.jagdhundeausbildung.info\/wp-content\/uploads\/2020\/12\/Bericht-IHA-Graz-am-29.02.2020.pdf\"><span style=\"color: #808080;\"><strong>IHA-Graz-am-29.02.2020<\/strong><\/span><\/a><\/div>\n<div>&nbsp;<\/div>\n<\/div>\n\n\n\n<div style=\"height:25px\" aria-hidden=\"true\" class=\"wp-block-spacer\"><\/div>\n\n\n\n<div class=\"boxes\">\n<div id=\"containerdownload\">\n<figure><a title=\"Jagdhund\" href=\"http:\/\/www.jagdhundeausbildung.info\/wp-content\/uploads\/2020\/01\/Von-Erstlingsf\u00fchrer-zum-Pr\u00fcfungssieger.pdf\" target=\"_blank\" rel=\"noopener\"><img decoding=\"async\" loading=\"lazy\" class=\"wp-image-452 alignleft\" title=\"Download\" src=\"http:\/\/www.jagdhundeausbildung.info\/wp-content\/uploads\/2020\/01\/received_286781082265801.jpeg\" alt=\"Download\" width=\"80\" height=\"80\"><\/a><\/figure><div><\/div>\n<\/div>\n<div>&nbsp;<\/div>\n<div id=\"containerdownloadfont\"><a href=\"http:\/\/www.jagdhundeausbildung.info\/wp-content\/uploads\/2020\/01\/Von-Erstlingsf\u00fchrer-zum-Pr\u00fcfungssieger.pdf\"><span style=\"color: #808080;\"><strong>Von-Erstlingsf\u00fchrer-zum-Pr\u00fcfungssieger<\/strong><\/span><\/a><\/div>\n<div>&nbsp;<\/div>\n<\/div>\n\n\n\n<div style=\"height:25px\" aria-hidden=\"true\" class=\"wp-block-spacer\"><\/div>\n\n\n\n<div class=\"boxes\">\n<div id=\"containerdownload\">\n<figure><a title=\"Jagdhund\" href=\"http:\/\/www.jagdhundeausbildung.info\/wp-content\/uploads\/2020\/03\/Vorbereitungskurs-f\u00fcr-die-Feld-und-Wasser-Pr\u00fcfung-2019.pdf\" target=\"_blank\" rel=\"noopener\"><img decoding=\"async\" loading=\"lazy\" class=\"wp-image-452 alignleft\" title=\"Download\" src=\"http:\/\/www.jagdhundeausbildung.info\/wp-content\/uploads\/2020\/03\/IMG_5911.jpg\" alt=\"Download\" width=\"80\" height=\"80\"><\/a><\/figure><div><\/div>\n<\/div>\n<div>&nbsp;<\/div>\n<div id=\"containerdownloadfont\"><a href=\"http:\/\/www.jagdhundeausbildung.info\/wp-content\/uploads\/2020\/03\/Vorbereitungskurs-f\u00fcr-die-Feld-und-Wasser-Pr\u00fcfung-2019.pdf\"><span style=\"color: #808080;\"><strong>Vorbereitungskurs f\u00fcr die Feld und Wasser Pr\u00fcfung 2019<\/strong><\/span><\/a><\/div>\n<div>&nbsp;<\/div>\n<\/div>\n\n\n\n<div style=\"height:25px\" aria-hidden=\"true\" class=\"wp-block-spacer\"><\/div>\n\n\n\n<div class=\"boxes\">\n<div id=\"containerdownload\">\n<figure><a title=\"Jagdhund\" href=\"http:\/\/www.jagdhundeausbildung.info\/wp-content\/uploads\/2020\/01\/Lucis-VGP.pdf\" target=\"_blank\" rel=\"noopener\"><img decoding=\"async\" loading=\"lazy\" class=\"wp-image-452 alignleft\" title=\"Download\" src=\"http:\/\/www.jagdhundeausbildung.info\/wp-content\/uploads\/2019\/02\/IMG_7922.jpg\" alt=\"Download\" width=\"80\" height=\"80\"><\/a><\/figure><div><\/div>\n<\/div>\n<div>&nbsp;<\/div>\n<div id=\"containerdownloadfont\"><a href=\"http:\/\/www.jagdhundeausbildung.info\/wp-content\/uploads\/2020\/01\/Lucis-VGP.pdf\"><span style=\"color: #808080;\"><strong>VGP-Lucis Hundematura<\/strong><\/span><\/a><\/div>\n<div>&nbsp;<\/div>\n<\/div>\n\n\n\n<div style=\"height:25px\" aria-hidden=\"true\" class=\"wp-block-spacer\"><\/div>\n\n\n\n<div class=\"boxes\">\n<div id=\"containerdownload\">\n<figure><a title=\"Jagdhund\" href=\"http:\/\/www.jagdhundeausbildung.info\/wp-content\/uploads\/2020\/01\/Bringtreuepr\u00fcfung-2019.pdf\" target=\"_blank\" rel=\"noopener\"><img decoding=\"async\" loading=\"lazy\" class=\"wp-image-452 alignleft\" title=\"Download\" src=\"http:\/\/www.jagdhundeausbildung.info\/wp-content\/uploads\/2019\/10\/DSCN3017.jpg\" alt=\"Download\" width=\"80\" height=\"80\"><\/a><\/figure><div><\/div>\n<\/div>\n<div>&nbsp;<\/div>\n<div id=\"containerdownloadfont\"><a href=\"http:\/\/www.jagdhundeausbildung.info\/wp-content\/uploads\/2020\/01\/Bringtreuepr\u00fcfung-2019.pdf\"><span style=\"color: #808080;\"><strong>Bringtreue 2019<\/strong><\/span><\/a><\/div>\n<div>&nbsp;<\/div>\n<\/div>\n\n\n\n<div style=\"height:25px\" aria-hidden=\"true\" class=\"wp-block-spacer\"><\/div>\n\n\n\n<div class=\"boxes\">\n<div id=\"containerdownload\">\n<figure><a title=\"Jagdhund\" href=\"http:\/\/www.jagdhundeausbildung.info\/wp-content\/uploads\/2020\/01\/Ohne-Jagdhund-undenkbar.pdf\" target=\"_blank\" rel=\"noopener\"><img decoding=\"async\" loading=\"lazy\" class=\"wp-image-452 alignleft\" title=\"Download\" src=\"http:\/\/www.jagdhundeausbildung.info\/wp-content\/uploads\/2019\/11\/JAZ-zum-R\u00f6mer-Kopie.jpg\" alt=\"Download\" width=\"80\" height=\"80\"><\/a><\/figure><div><\/div>\n<\/div>\n<div>&nbsp;<\/div>\n<div id=\"containerdownloadfont\"><a href=\"http:\/\/www.jagdhundeausbildung.info\/wp-content\/uploads\/2020\/01\/Ohne-Jagdhund-undenkbar.pdf\"><span style=\"color: #808080;\"><strong>Ohne-Jagdhund-undenkbar<\/strong><\/span><\/a><\/div>\n<div>&nbsp;<\/div>\n<\/div>\n\n\n\n<div style=\"height:25px\" aria-hidden=\"true\" class=\"wp-block-spacer\"><\/div>\n\n\n\n<div class=\"boxes\">\n<div id=\"containerdownload\">\n<figure><a title=\"Jagdhund\" href=\"http:\/\/www.jagdhundeausbildung.info\/wp-content\/uploads\/2019\/03\/Mit-dem-Pr\u00fcfungssieg-in-Zistersdorf.pdf\" target=\"_blank\" rel=\"noopener\"><img decoding=\"async\" loading=\"lazy\" class=\"wp-image-452 alignleft\" title=\"Download\" src=\"http:\/\/www.jagdhundeausbildung.info\/wp-content\/uploads\/2019\/03\/IMG_9125.jpg\" alt=\"Download\" width=\"80\" height=\"80\"><\/a><\/figure><div><\/div>\n<\/div>\n<div>&nbsp;<\/div>\n<div id=\"containerdownloadfont\"><a href=\"http:\/\/www.jagdhundeausbildung.info\/wp-content\/uploads\/2019\/03\/Mit-dem-Pr\u00fcfungssieg-in-Zistersdorf.pdf\"><span style=\"color: #808080;\"><strong>\u00d6sterreichischen Jagdhundepr\u00fcfungssieger<\/strong><\/span><\/a><\/div>\n<div>&nbsp;<\/div>\n<\/div>\n\n\n\n<div style=\"height:25px\" aria-hidden=\"true\" class=\"wp-block-spacer\"><\/div>\n\n\n\n<div class=\"boxes\">\n<div id=\"containerdownload\">\n<figure><a title=\"Jagdhund\" href=\"http:\/\/www.jagdhundeausbildung.info\/wp-content\/uploads\/2019\/03\/Wenn-aus-dem-Junghund-ein-Jagdhund-werden-soll.pdf\" target=\"_blank\" rel=\"noopener\"><img decoding=\"async\" loading=\"lazy\" class=\"wp-image-452 alignleft\" title=\"Download\" src=\"http:\/\/www.jagdhundeausbildung.info\/wp-content\/uploads\/2019\/03\/IMG_8256.jpg\" alt=\"Download\" width=\"80\" height=\"80\"><\/a><\/figure><div><\/div>\n<\/div>\n<div>&nbsp;<\/div>\n<div id=\"containerdownloadfont\"><a href=\"http:\/\/www.jagdhundeausbildung.info\/wp-content\/uploads\/2019\/03\/Lucis-steiniger-Weg-zum-fermen-Jagdhund524.pdf\"><span style=\"color: #808080;\"><strong>Luci auf dem Weg zum fermen Jagdhund<\/strong><\/span><\/a><\/div>\n<div>&nbsp;<\/div>\n<\/div>\n\n\n\n<div style=\"height:25px\" aria-hidden=\"true\" class=\"wp-block-spacer\"><\/div>\n\n\n\n<div class=\"boxes\">\n<div id=\"containerdownload\">\n<figure><a title=\"Jagdhund\" href=\"http:\/\/www.jagdhundeausbildung.info\/wp-content\/uploads\/2019\/03\/Wenn-aus-dem-Junghund-ein-Jagdhund-werden-soll.pdf\" target=\"_blank\" rel=\"noopener\"><img decoding=\"async\" loading=\"lazy\" class=\"wp-image-452 alignleft\" title=\"Download\" src=\"http:\/\/www.jagdhundeausbildung.info\/wp-content\/uploads\/2018\/02\/IMG_5817.jpg\" alt=\"Download\" width=\"80\" height=\"80\"><\/a><\/figure><div><\/div>\n<\/div>\n<div>&nbsp;<\/div>\n<div id=\"containerdownloadfont\"><a href=\"http:\/\/www.jagdhundeausbildung.info\/wp-content\/uploads\/2019\/03\/Zeitungsbericht-f\u00fcr-JSV.pdf\"><span style=\"color: #808080;\"><strong>JSV Zeitung<\/strong><\/span><\/a><\/div>\n<div>&nbsp;<\/div>\n<\/div>\n\n\n\n<div style=\"height:25px\" aria-hidden=\"true\" class=\"wp-block-spacer\"><\/div>\n\n\n\n<div class=\"boxes\">\n<div id=\"containerdownload\">\n<figure><a title=\"Jagdhund\" href=\"http:\/\/www.jagdhundeausbildung.info\/wp-content\/uploads\/2019\/03\/Wenn-aus-dem-Junghund-ein-Jagdhund-werden-soll.pdf\" target=\"_blank\" rel=\"noopener\"><img decoding=\"async\" loading=\"lazy\" class=\"wp-image-452 alignleft\" title=\"Download\" src=\"http:\/\/www.jagdhundeausbildung.info\/wp-content\/uploads\/2018\/01\/IMG_0646.jpg\" alt=\"Download\" width=\"80\" height=\"80\"><\/a><\/figure><div><\/div>\n<\/div>\n<div>&nbsp;<\/div>\n<div id=\"containerdownloadfont\"><a href=\"http:\/\/www.jagdhundeausbildung.info\/wp-content\/uploads\/2019\/03\/Wenn-aus-dem-Junghund-ein-Jagdhund-werden-soll.pdf\"><b>Wenn aus dem Junghund ein Jagdhund werden soll<\/b><\/a><\/div>\n<div>&nbsp;<\/div>\n<\/div>","protected":false},"excerpt":{"rendered":"<p>VGP und FuW Kurs 2025 Jagdhunde- und Falknerpr\u00e4sentation 2025 Bringtreue 2025 Neuer Leistungsrichter &#8211; Gabriel Gauster Ehrung von Siegfried Gauser und Andreas Herbst Auszeichnung JAZ-Team IHA Premst\u00e4tten &#8211; Hutter Andreas mit Cosma Feld und Wasserkurs 2024 Jagdhundef\u00fchrerabschluss 2024 Bringtreue 2024 &nbsp; Von-Das-Jahr-2020-wurde-von-unseren-Jagdhundef\u00fchrern-trotz-Corona-und-diversen-anderen-Gegebenheiten-mit-sehr-viel-Flei\u00df-und-Einsatz-positiv-abgeschlossen &nbsp; &nbsp; Vorbereitung zur Bringtreue und VGP im JAZ &nbsp; &nbsp; VPG-\u00d6VM\u00dc-am-26.09.2020 &nbsp; [&hellip;]<\/p>\n","protected":false},"author":1,"featured_media":0,"parent":0,"menu_order":0,"comment_status":"closed","ping_status":"closed","template":"","meta":{"_eb_attr":""},"_links":{"self":[{"href":"https:\/\/www.jagdhundeausbildung.info\/index.php?rest_route=\/wp\/v2\/pages\/3436"}],"collection":[{"href":"https:\/\/www.jagdhundeausbildung.info\/index.php?rest_route=\/wp\/v2\/pages"}],"about":[{"href":"https:\/\/www.jagdhundeausbildung.info\/index.php?rest_route=\/wp\/v2\/types\/page"}],"author":[{"embeddable":true,"href":"https:\/\/www.jagdhundeausbildung.info\/index.php?rest_route=\/wp\/v2\/users\/1"}],"replies":[{"embeddable":true,"href":"https:\/\/www.jagdhundeausbildung.info\/index.php?rest_route=%2Fwp%2Fv2%2Fcomments&post=3436"}],"version-history":[{"count":27,"href":"https:\/\/www.jagdhundeausbildung.info\/index.php?rest_route=\/wp\/v2\/pages\/3436\/revisions"}],"predecessor-version":[{"id":6344,"href":"https:\/\/www.jagdhundeausbildung.info\/index.php?rest_route=\/wp\/v2\/pages\/3436\/revisions\/6344"}],"wp:attachment":[{"href":"https:\/\/www.jagdhundeausbildung.info\/index.php?rest_route=%2Fwp%2Fv2%2Fmedia&parent=3436"}],"curies":[{"name":"wp","href":"https:\/\/api.w.org\/{rel}","templated":true}]}}