{"id":44,"date":"2013-08-11T19:02:19","date_gmt":"2013-08-11T17:02:19","guid":{"rendered":"http:\/\/www.jagdhundeausbildung.info\/?page_id=44"},"modified":"2022-05-08T09:43:38","modified_gmt":"2022-05-08T07:43:38","slug":"news","status":"publish","type":"page","link":"https:\/\/www.jagdhundeausbildung.info\/?page_id=44","title":{"rendered":"NEWS"},"content":{"rendered":"<address>&nbsp;<\/address>\n\n\n\n<p>&#8230;&#8230;&#8230;&#8230;&#8230;&#8230;&#8230;&#8230;&#8230;&#8230;&#8230;&#8230;&#8230;&#8230;&#8230;&#8230;&#8230;&#8230;&#8230;&#8230;&#8230;&#8230;&#8230;&#8230;&#8230;&#8230;&#8230;&#8230;&#8230;&#8230;&#8230;&#8230;&#8230;&#8230;&#8230;&#8230;&#8230;&#8230;&#8230;&#8230;&#8230;&#8230;&#8230;&#8230;&#8230;&#8230;&#8230;&#8230;&#8230;&#8230;&#8230;&#8230;&#8230;<\/p>\n\n\n\n<p><b><span style=\"color: #000000;\">Fuchsr\u00e4ude: Ansteckungsgefahr f\u00fcr Hunde!<\/span><\/b><\/p>\n\n\n\n<div class=\"boxes\">\n<div id=\"containerdownload\">\n<figure><a title=\"Download\" href=\"http:\/\/www.jagdhundeausbildung.info\/wp-content\/uploads\/2019\/03\/Fuchsr\u00e4ude.pdf\" target=\"_blank\" rel=\"noopener\"><img decoding=\"async\" loading=\"lazy\" class=\"wp-image-452 alignleft\" title=\"Download\" src=\"http:\/\/www.jagdhundeausbildung.info\/wp-content\/uploads\/2019\/03\/bilder911582823_2000x.jpg\" alt=\"Download\" width=\"45\" height=\"45\"><\/a><\/figure><div><\/div>\n<\/div>\n<div>&nbsp;<\/div>\n<div id=\"containerdownloadfont\"><span style=\"color: #808080;\"><strong>Fuchsr\u00e4ude<\/strong><\/span><\/div>\n<div>&nbsp;<\/div>\n<\/div>\n\n\n\n<p><b><span style=\"color: #000000;\">Babesiose oder auch Hundemalaria!<\/span><\/b><\/p>\n\n\n\n<div class=\"boxes\">\n<div id=\"containerdownload\">\n<figure><a title=\"Download\" href=\"http:\/\/www.jagdhundeausbildung.info\/wp-content\/uploads\/2015\/12\/Bericht-Babesiose.pdf\" target=\"_blank\" rel=\"noopener\"><img decoding=\"async\" loading=\"lazy\" class=\"wp-image-452 alignleft\" title=\"Download\" src=\"http:\/\/www.jagdhundeausbildung.info\/wp-content\/uploads\/2019\/03\/img207564-300x243.jpg\" alt=\"Download\" width=\"45\" height=\"45\"><\/a><\/figure><div><\/div>\n<\/div>\n<div>&nbsp;<\/div>\n<div id=\"containerdownloadfont\"><span style=\"color: #808080;\"><strong>Hundemalaria<\/strong><\/span><\/div>\n<div>&nbsp;<\/div>\n<\/div>\n\n\n\n<p><b><span style=\"color: #000000;\">WIE GEF\u00c4HRLICH \/ GIFTIG SIND FEUERSALAMANDER ?<\/span><\/b><\/p>\n\n\n\n<div class=\"boxes\">\n<figure><a title=\"Download\" href=\"http:\/\/www.jagdhundeausbildung.info\/wp-content\/uploads\/2016\/02\/Feuersalamander.pdf\" target=\"_blank\" rel=\"noopener\"><img decoding=\"async\" loading=\"lazy\" class=\"wp-image-452 alignleft\" title=\"Download\" src=\"http:\/\/www.jagdhundeausbildung.info\/wp-content\/uploads\/2019\/03\/Salamandra_Salamandra_GO.jpg\" alt=\"Download\" width=\"45\" height=\"45\"><\/a><\/figure><div id=\"containerdownload\">\n<figure><\/figure><div><\/div>\n<\/div>\n<div>&nbsp;<\/div>\n<div id=\"containerdownloadfont\"><span style=\"color: #808080;\"><a style=\"text-decoration: none; color: #e87811;\" title=\"Download FEUERSALAMANDER\" href=\"http:\/\/www.jagdhundeausbildung.info\/wp-content\/uploads\/2013\/11\/nennformular_oegv.pdf\" target=\"_blank\" rel=\"noopener\"><span style=\"color: #808080;\"> FEUERSALAMANDER<\/span><\/a><\/span><\/div>\n<div>&nbsp;<\/div>\n<\/div>\n\n\n\n<p>Diverse Formulare zum Herunterladen als PDF-Datei. Zum \u00f6ffnen <a rel=\"noreferrer noopener\" href=\"http:\/\/get.adobe.com\/de\/reader\/\" target=\"_blank\">Adobe Reader<\/a> \u2013 kostenloser Download.<\/p>","protected":false},"excerpt":{"rendered":"<p>&nbsp; &#8230;&#8230;&#8230;&#8230;&#8230;&#8230;&#8230;&#8230;&#8230;&#8230;&#8230;&#8230;&#8230;&#8230;&#8230;&#8230;&#8230;&#8230;&#8230;&#8230;&#8230;&#8230;&#8230;&#8230;&#8230;&#8230;&#8230;&#8230;&#8230;&#8230;&#8230;&#8230;&#8230;&#8230;&#8230;&#8230;&#8230;&#8230;&#8230;&#8230;&#8230;&#8230;&#8230;&#8230;&#8230;&#8230;&#8230;&#8230;&#8230;&#8230;&#8230;&#8230;&#8230; Fuchsr\u00e4ude: Ansteckungsgefahr f\u00fcr Hunde! &nbsp; Fuchsr\u00e4ude &nbsp; Babesiose oder auch Hundemalaria! &nbsp; Hundemalaria &nbsp; WIE GEF\u00c4HRLICH \/ GIFTIG SIND FEUERSALAMANDER ? &nbsp; FEUERSALAMANDER &nbsp; Diverse Formulare zum Herunterladen als PDF-Datei. Zum \u00f6ffnen Adobe Reader \u2013 kostenloser Download.<\/p>\n","protected":false},"author":1,"featured_media":0,"parent":0,"menu_order":0,"comment_status":"closed","ping_status":"closed","template":"","meta":{"_eb_attr":""},"_links":{"self":[{"href":"https:\/\/www.jagdhundeausbildung.info\/index.php?rest_route=\/wp\/v2\/pages\/44"}],"collection":[{"href":"https:\/\/www.jagdhundeausbildung.info\/index.php?rest_route=\/wp\/v2\/pages"}],"about":[{"href":"https:\/\/www.jagdhundeausbildung.info\/index.php?rest_route=\/wp\/v2\/types\/page"}],"author":[{"embeddable":true,"href":"https:\/\/www.jagdhundeausbildung.info\/index.php?rest_route=\/wp\/v2\/users\/1"}],"replies":[{"embeddable":true,"href":"https:\/\/www.jagdhundeausbildung.info\/index.php?rest_route=%2Fwp%2Fv2%2Fcomments&post=44"}],"version-history":[{"count":59,"href":"https:\/\/www.jagdhundeausbildung.info\/index.php?rest_route=\/wp\/v2\/pages\/44\/revisions"}],"predecessor-version":[{"id":4993,"href":"https:\/\/www.jagdhundeausbildung.info\/index.php?rest_route=\/wp\/v2\/pages\/44\/revisions\/4993"}],"wp:attachment":[{"href":"https:\/\/www.jagdhundeausbildung.info\/index.php?rest_route=%2Fwp%2Fv2%2Fmedia&parent=44"}],"curies":[{"name":"wp","href":"https:\/\/api.w.org\/{rel}","templated":true}]}}