{"id":5449,"date":"2022-09-25T20:11:21","date_gmt":"2022-09-25T18:11:21","guid":{"rendered":"http:\/\/www.jagdhundeausbildung.info\/?page_id=5449"},"modified":"2022-09-25T21:22:08","modified_gmt":"2022-09-25T19:22:08","slug":"2022-2","status":"publish","type":"page","link":"https:\/\/www.jagdhundeausbildung.info\/?page_id=5449","title":{"rendered":"2022"},"content":{"rendered":"<p class=\"has-large-font-size\"><\/p>\n\n\n\n<h2 class=\"has-large-font-size wp-block-heading\"><em><a href=\"http:\/\/www.jagdhundeausbildung.info\/?page_id=5447\">FW und VGP 2022<\/a><\/em><\/h2>\n\n\n\n<figure class=\"wp-block-image size-large is-resized is-style-default\"><a href=\"http:\/\/www.jagdhundeausbildung.info\/?page_id=5447\"><img decoding=\"async\" loading=\"lazy\" src=\"http:\/\/www.jagdhundeausbildung.info\/wp-content\/uploads\/2022\/09\/IMG_5369.jpg\" alt=\"\" width=\"768\" height=\"512\"\/><\/a><\/figure>\n\n\n\n<h2 class=\"has-large-font-size wp-block-heading\"><a href=\"http:\/\/www.jagdhundeausbildung.info\/?page_id=5419\">Jagdhundepr\u00e4sentation f\u00fcr Jungj\u00e4ger 2022<\/a><\/h2>\n\n\n\n<figure class=\"wp-block-image size-large is-resized is-style-default\"><a href=\"http:\/\/www.jagdhundeausbildung.info\/?page_id=5419\"><img decoding=\"async\" loading=\"lazy\" src=\"http:\/\/www.jagdhundeausbildung.info\/wp-content\/uploads\/2022\/03\/Einladung-Jagdhunde-und-Falkenpraesentation.jpg\" alt=\"\" width=\"740\" height=\"1027\"\/><\/a><\/figure>\n\n\n\n<h2 class=\"has-large-font-size wp-block-heading\"><strong><em><a href=\"http:\/\/www.jagdhundeausbildung.info\/?page_id=5346\">Bringtreue 2022<\/a><\/em><\/strong><\/h2>\n\n\n\n<figure class=\"wp-block-image size-large is-resized is-style-default\"><a href=\"http:\/\/www.jagdhundeausbildung.info\/?page_id=5346\"><img decoding=\"async\" loading=\"lazy\" src=\"http:\/\/www.jagdhundeausbildung.info\/wp-content\/uploads\/2022\/09\/DSCN3569.jpg\" alt=\"\" width=\"768\" height=\"576\"\/><\/a><\/figure>\n\n\n\n<h2 class=\"has-large-font-size wp-block-heading\"><a href=\"http:\/\/www.jagdhundeausbildung.info\/?page_id=5153\">Grundkurs 2022<\/a><\/h2>\n\n\n\n<figure class=\"wp-block-image size-large is-resized is-style-default\"><a href=\"http:\/\/www.jagdhundeausbildung.info\/?page_id=5153\"><img decoding=\"async\" loading=\"lazy\" src=\"http:\/\/www.jagdhundeausbildung.info\/wp-content\/uploads\/2022\/09\/IMG_4579.jpg\" alt=\"\" width=\"768\" height=\"512\"\/><\/a><\/figure>","protected":false},"excerpt":{"rendered":"<p>FW und VGP 2022 Jagdhundepr\u00e4sentation f\u00fcr Jungj\u00e4ger 2022 Bringtreue 2022 Grundkurs 2022<\/p>\n","protected":false},"author":1,"featured_media":0,"parent":0,"menu_order":0,"comment_status":"closed","ping_status":"closed","template":"","meta":{"_eb_attr":""},"_links":{"self":[{"href":"https:\/\/www.jagdhundeausbildung.info\/index.php?rest_route=\/wp\/v2\/pages\/5449"}],"collection":[{"href":"https:\/\/www.jagdhundeausbildung.info\/index.php?rest_route=\/wp\/v2\/pages"}],"about":[{"href":"https:\/\/www.jagdhundeausbildung.info\/index.php?rest_route=\/wp\/v2\/types\/page"}],"author":[{"embeddable":true,"href":"https:\/\/www.jagdhundeausbildung.info\/index.php?rest_route=\/wp\/v2\/users\/1"}],"replies":[{"embeddable":true,"href":"https:\/\/www.jagdhundeausbildung.info\/index.php?rest_route=%2Fwp%2Fv2%2Fcomments&post=5449"}],"version-history":[{"count":9,"href":"https:\/\/www.jagdhundeausbildung.info\/index.php?rest_route=\/wp\/v2\/pages\/5449\/revisions"}],"predecessor-version":[{"id":5941,"href":"https:\/\/www.jagdhundeausbildung.info\/index.php?rest_route=\/wp\/v2\/pages\/5449\/revisions\/5941"}],"wp:attachment":[{"href":"https:\/\/www.jagdhundeausbildung.info\/index.php?rest_route=%2Fwp%2Fv2%2Fmedia&parent=5449"}],"curies":[{"name":"wp","href":"https:\/\/api.w.org\/{rel}","templated":true}]}}